{"id":3485,"date":"2025-04-07T12:31:41","date_gmt":"2025-04-07T10:31:41","guid":{"rendered":"https:\/\/csi-repair.com\/?page_id=3485"},"modified":"2025-04-07T12:37:34","modified_gmt":"2025-04-07T10:37:34","slug":"hagelscanner","status":"publish","type":"page","link":"https:\/\/csi-repair.com\/fr\/leistungen\/hagelscanner\/","title":{"rendered":"Scanner de gr\u00eale"},"content":{"rendered":"<div data-elementor-type=\"wp-page\" data-elementor-id=\"3485\" class=\"elementor elementor-3485\" data-elementor-post-type=\"page\">\n\t\t\t\t\t\t<section class=\"elementor-section elementor-top-section elementor-element elementor-element-e1196c8 elementor-section-height-min-height elementor-section-boxed elementor-section-height-default elementor-section-items-middle\" data-id=\"e1196c8\" data-element_type=\"section\" data-settings=\"{&quot;background_background&quot;:&quot;classic&quot;}\">\n\t\t\t\t\t\t\t<div class=\"elementor-background-overlay\"><\/div>\n\t\t\t\t\t\t\t<div class=\"elementor-container elementor-column-gap-default\">\n\t\t\t\t\t<div class=\"elementor-column elementor-col-50 elementor-top-column elementor-element elementor-element-a6687dd\" data-id=\"a6687dd\" data-element_type=\"column\">\n\t\t\t<div class=\"elementor-widget-wrap elementor-element-populated\">\n\t\t\t\t\t\t<div class=\"elementor-element elementor-element-85d2018 elementor-widget elementor-widget-heading\" data-id=\"85d2018\" data-element_type=\"widget\" data-widget_type=\"heading.default\">\n\t\t\t\t<div class=\"elementor-widget-container\">\n\t\t\t<style>\/*! elementor - v3.21.0 - 26-05-2024 *\/\n.elementor-heading-title{padding:0;margin:0;line-height:1}.elementor-widget-heading .elementor-heading-title[class*=elementor-size-]>a{color:inherit;font-size:inherit;line-height:inherit}.elementor-widget-heading .elementor-heading-title.elementor-size-small{font-size:15px}.elementor-widget-heading .elementor-heading-title.elementor-size-medium{font-size:19px}.elementor-widget-heading .elementor-heading-title.elementor-size-large{font-size:29px}.elementor-widget-heading .elementor-heading-title.elementor-size-xl{font-size:39px}.elementor-widget-heading .elementor-heading-title.elementor-size-xxl{font-size:59px}<\/style><h1 class=\"elementor-heading-title elementor-size-default\">Scanner de gr\u00eale<\/h1>\t\t<\/div>\n\t\t\t\t<\/div>\n\t\t\t\t<div class=\"elementor-element elementor-element-9aebf80 elementor-widget elementor-widget-heading\" data-id=\"9aebf80\" data-element_type=\"widget\" data-widget_type=\"heading.default\">\n\t\t\t\t<div class=\"elementor-widget-container\">\n\t\t\t<h2 class=\"elementor-heading-title elementor-size-default\">Enregistrement num\u00e9rique des dommages\n<\/h2>\t\t<\/div>\n\t\t\t\t<\/div>\n\t\t\t\t<div class=\"elementor-element elementor-element-ead0519 elementor-widget elementor-widget-text-editor\" data-id=\"ead0519\" data-element_type=\"widget\" data-widget_type=\"text-editor.default\">\n\t\t\t\t<div class=\"elementor-widget-container\">\n\t\t\t<style>\/*! elementor - v3.21.0 - 26-05-2024 *\/\n.elementor-widget-text-editor.elementor-drop-cap-view-stacked .elementor-drop-cap{background-color:#69727d;color:#fff}.elementor-widget-text-editor.elementor-drop-cap-view-framed .elementor-drop-cap{color:#69727d;border:3px solid;background-color:transparent}.elementor-widget-text-editor:not(.elementor-drop-cap-view-default) .elementor-drop-cap{margin-top:8px}.elementor-widget-text-editor:not(.elementor-drop-cap-view-default) .elementor-drop-cap-letter{width:1em;height:1em}.elementor-widget-text-editor .elementor-drop-cap{float:left;text-align:center;line-height:1;font-size:50px}.elementor-widget-text-editor .elementor-drop-cap-letter{display:inline-block}<\/style>\t\t\t\tNotre technologie avanc\u00e9e \u00e9tablit de nouvelles normes en mati\u00e8re d\u2019\u00e9valuation des dommages caus\u00e9s par la gr\u00eale. Le scanner de gr\u00eale permet une analyse rapide, pr\u00e9cise et surtout objective des d\u00e9g\u00e2ts. La classification automatique d\u00e9termine avec pr\u00e9cision le nombre et la taille des bosses sur chaque composant, \u00e9liminant ainsi le processus fastidieux de comptage manuel des bosses.\t\t\t\t\t\t<\/div>\n\t\t\t\t<\/div>\n\t\t\t\t<div class=\"elementor-element elementor-element-9e0989e elementor-widget elementor-widget-button\" data-id=\"9e0989e\" data-element_type=\"widget\" data-widget_type=\"button.default\">\n\t\t\t\t<div class=\"elementor-widget-container\">\n\t\t\t\t\t<div class=\"elementor-button-wrapper\">\n\t\t\t<a class=\"elementor-button elementor-button-link elementor-size-md\" href=\"#mehr\">\n\t\t\t\t\t\t<span class=\"elementor-button-content-wrapper\">\n\t\t\t\t\t\t\t\t\t<span class=\"elementor-button-text\">Apprendre encore plus<\/span>\n\t\t\t\t\t<\/span>\n\t\t\t\t\t<\/a>\n\t\t<\/div>\n\t\t\t\t<\/div>\n\t\t\t\t<\/div>\n\t\t\t\t\t<\/div>\n\t\t<\/div>\n\t\t\t\t<div class=\"elementor-column elementor-col-50 elementor-top-column elementor-element elementor-element-bf440f9 elementor-hidden-tablet elementor-hidden-mobile\" data-id=\"bf440f9\" data-element_type=\"column\">\n\t\t\t<div class=\"elementor-widget-wrap\">\n\t\t\t\t\t\t\t<\/div>\n\t\t<\/div>\n\t\t\t\t\t<\/div>\n\t\t<\/section>\n\t\t\t\t<section class=\"elementor-section elementor-top-section elementor-element elementor-element-9c78715 elementor-section-boxed elementor-section-height-default elementor-section-height-default\" data-id=\"9c78715\" data-element_type=\"section\" id=\"mehr\">\n\t\t\t\t\t\t<div class=\"elementor-container elementor-column-gap-default\">\n\t\t\t\t\t<div class=\"elementor-column elementor-col-100 elementor-top-column elementor-element elementor-element-c6c6f5d\" data-id=\"c6c6f5d\" data-element_type=\"column\">\n\t\t\t<div class=\"elementor-widget-wrap elementor-element-populated\">\n\t\t\t\t\t\t<section class=\"elementor-section elementor-inner-section elementor-element elementor-element-851109b elementor-section-full_width elementor-reverse-mobile elementor-section-height-default elementor-section-height-default\" data-id=\"851109b\" data-element_type=\"section\">\n\t\t\t\t\t\t<div class=\"elementor-container elementor-column-gap-default\">\n\t\t\t\t\t<div class=\"elementor-column elementor-col-100 elementor-inner-column elementor-element elementor-element-ff9e737 elementor-invisible\" data-id=\"ff9e737\" data-element_type=\"column\" data-settings=\"{&quot;animation&quot;:&quot;fadeInRight&quot;,&quot;animation_mobile&quot;:&quot;none&quot;}\">\n\t\t\t<div class=\"elementor-widget-wrap elementor-element-populated\">\n\t\t\t\t\t\t<div class=\"elementor-element elementor-element-202528b elementor-widget elementor-widget-heading\" data-id=\"202528b\" data-element_type=\"widget\" data-widget_type=\"heading.default\">\n\t\t\t\t<div class=\"elementor-widget-container\">\n\t\t\t<h6 class=\"elementor-heading-title elementor-size-default\">Pourquoi \u00e7a marche:\n\n<\/h6>\t\t<\/div>\n\t\t\t\t<\/div>\n\t\t\t\t<div class=\"elementor-element elementor-element-d0a3249 elementor-widget elementor-widget-image\" data-id=\"d0a3249\" data-element_type=\"widget\" data-widget_type=\"image.default\">\n\t\t\t\t<div class=\"elementor-widget-container\">\n\t\t\t<style>\/*! elementor - v3.21.0 - 26-05-2024 *\/\n.elementor-widget-image{text-align:center}.elementor-widget-image a{display:inline-block}.elementor-widget-image a img[src$=\".svg\"]{width:48px}.elementor-widget-image img{vertical-align:middle;display:inline-block}<\/style>\t\t\t\t\t\t\t\t\t\t<img fetchpriority=\"high\" decoding=\"async\" width=\"2000\" height=\"912\" src=\"https:\/\/csi-repair.com\/wp-content\/uploads\/2025\/04\/Hail-Scanner-new-and-old-2-no-bg.png\" class=\"attachment-full size-full wp-image-3488\" alt=\"\" srcset=\"https:\/\/csi-repair.com\/wp-content\/uploads\/2025\/04\/Hail-Scanner-new-and-old-2-no-bg.png 2000w, https:\/\/csi-repair.com\/wp-content\/uploads\/2025\/04\/Hail-Scanner-new-and-old-2-no-bg-300x137.png 300w, https:\/\/csi-repair.com\/wp-content\/uploads\/2025\/04\/Hail-Scanner-new-and-old-2-no-bg-1024x467.png 1024w, https:\/\/csi-repair.com\/wp-content\/uploads\/2025\/04\/Hail-Scanner-new-and-old-2-no-bg-768x350.png 768w, https:\/\/csi-repair.com\/wp-content\/uploads\/2025\/04\/Hail-Scanner-new-and-old-2-no-bg-1536x700.png 1536w, https:\/\/csi-repair.com\/wp-content\/uploads\/2025\/04\/Hail-Scanner-new-and-old-2-no-bg-18x8.png 18w\" sizes=\"(max-width: 2000px) 100vw, 2000px\" \/>\t\t\t\t\t\t\t\t\t\t\t\t\t<\/div>\n\t\t\t\t<\/div>\n\t\t\t\t<div class=\"elementor-element elementor-element-bad496c elementor-widget elementor-widget-heading\" data-id=\"bad496c\" data-element_type=\"widget\" data-widget_type=\"heading.default\">\n\t\t\t\t<div class=\"elementor-widget-container\">\n\t\t\t<h2 class=\"elementor-heading-title elementor-size-default\">Le scanner de gr\u00eale CSI<\/h2>\t\t<\/div>\n\t\t\t\t<\/div>\n\t\t\t\t<div class=\"elementor-element elementor-element-0ff380e elementor-widget elementor-widget-heading\" data-id=\"0ff380e\" data-element_type=\"widget\" data-widget_type=\"heading.default\">\n\t\t\t\t<div class=\"elementor-widget-container\">\n\t\t\t<h3 class=\"elementor-heading-title elementor-size-default\">D\u00e9tection des dommages aussi rapide que la lumi\u00e8re\n<\/h3>\t\t<\/div>\n\t\t\t\t<\/div>\n\t\t\t\t<div class=\"elementor-element elementor-element-b671665 elementor-widget elementor-widget-text-editor\" data-id=\"b671665\" data-element_type=\"widget\" data-widget_type=\"text-editor.default\">\n\t\t\t\t<div class=\"elementor-widget-container\">\n\t\t\t\t\t\t\t<div class=\"elementor-element elementor-element-b671665 elementor-widget elementor-widget-text-editor\" data-id=\"b671665\" data-element_type=\"widget\" data-widget_type=\"text-editor.default\"><div class=\"elementor-widget-container\"><p>Avec le scanner de gr\u00eale, vous obtenez des r\u00e9sultats qui r\u00e9pondent \u00e0 vos exigences, que ce soit sous forme de r\u00e9sum\u00e9 clair ou de d\u00e9tail. Notre technologie innovante vous offre la possibilit\u00e9 d\u2019exporter facilement les donn\u00e9es pour les int\u00e9grer de mani\u00e8re transparente dans vos syst\u00e8mes existants. Gr\u00e2ce \u00e0 sa conception compacte, le scanner de gr\u00eale peut \u00eatre utilis\u00e9 presque partout, vous offrant ainsi un avantage marketing \u00e9vident.<\/p><p><strong>Avantages et points cl\u00e9s\u00a0:<\/strong><\/p><ul><li><p><strong>\u00c9valuation rapide et pr\u00e9cise des dommages\u00a0:<\/strong>\u00a0Le scanner de gr\u00eale permet une analyse rapide et pr\u00e9cise de l\u2019\u00e9volution des d\u00e9g\u00e2ts.<\/p><\/li><li><p><strong>Classification automatique des bosses\u00a0:<\/strong>\u00a0Notre technologie d\u00e9termine automatiquement le nombre et la taille des bosses par composant.<\/p><\/li><li><p><strong>Pr\u00eat \u00e0 l'emploi en seulement 60 minutes\u00a0:<\/strong>\u00a0Le scanner est pr\u00eat \u00e0 l'emploi en un rien de temps, ce qui augmente le temps et l'efficacit\u00e9.<\/p><\/li><li><p><strong>Enregistrement obligatoire des bosses de gr\u00eale\u00a0:<\/strong>\u00a0Vous recevez des donn\u00e9es claires et compr\u00e9hensibles qui permettent une documentation fiable des dommages.<\/p><\/li><li><p><strong>Exportation de donn\u00e9es pour logiciel externe\u00a0:<\/strong>\u00a0Une interface permet d\u2019exporter facilement les donn\u00e9es pour les int\u00e9grer dans des solutions logicielles externes.<\/p><\/li><li><p><strong>Design compact:<\/strong>\u00a0Le scanner de gr\u00eale n\u00e9cessite peu de place et peut donc \u00eatre utilis\u00e9 dans presque toutes les pi\u00e8ces.<\/p><\/li><li><p><strong>Syst\u00e8me de rapport modulaire\u00a0:<\/strong>\u00a0Cr\u00e9ez des rapports qui r\u00e9pondent exactement \u00e0 vos besoins, qu'il s'agisse d'un r\u00e9sum\u00e9 clair ou d'informations d\u00e9taill\u00e9es.<\/p><\/li><li><p><strong>Avantage marketing gr\u00e2ce \u00e0 une technologie innovante\u00a0:<\/strong>\u00a0Profitez des avanc\u00e9es technologiques pour vous d\u00e9marquer de la concurrence et renforcer votre entreprise.<\/p><\/li><li><p><strong>Utilisation polyvalente :<\/strong>\u00a0Le scanner de gr\u00eale est utilis\u00e9 dans un large \u00e9ventail d'applications, qu'il s'agisse d'\u00e9v\u00e9nements de gr\u00eale massifs pour les compagnies d'assurance, les flottes, les plateformes ou les concessionnaires automobiles.<\/p><\/li><\/ul><p>Faites confiance au scanner gr\u00eale CSI pour optimiser votre \u00e9valuation des d\u00e9g\u00e2ts tout en faisant la promotion de votre entreprise. Si vous \u00eates int\u00e9ress\u00e9, contactez-nous !<\/p><\/div><\/div><div class=\"elementor-element elementor-element-0ddad80 elementor-widget elementor-widget-button\" data-id=\"0ddad80\" data-element_type=\"widget\" data-widget_type=\"button.default\"><div class=\"elementor-widget-container\"><div class=\"elementor-button-wrapper\">\u00a0<\/div><\/div><\/div>\t\t\t\t\t\t<\/div>\n\t\t\t\t<\/div>\n\t\t\t\t<div class=\"elementor-element elementor-element-f0e4677 elementor-widget elementor-widget-button\" data-id=\"f0e4677\" data-element_type=\"widget\" data-widget_type=\"button.default\">\n\t\t\t\t<div class=\"elementor-widget-container\">\n\t\t\t\t\t<div class=\"elementor-button-wrapper\">\n\t\t\t<a class=\"elementor-button elementor-button-link elementor-size-md\" href=\"https:\/\/csi-repair.com\/fr\/kontakt\/\">\n\t\t\t\t\t\t<span class=\"elementor-button-content-wrapper\">\n\t\t\t\t\t\t\t\t\t<span class=\"elementor-button-text\">Contacter maintenant<\/span>\n\t\t\t\t\t<\/span>\n\t\t\t\t\t<\/a>\n\t\t<\/div>\n\t\t\t\t<\/div>\n\t\t\t\t<\/div>\n\t\t\t\t\t<\/div>\n\t\t<\/div>\n\t\t\t\t\t<\/div>\n\t\t<\/section>\n\t\t\t\t\t<\/div>\n\t\t<\/div>\n\t\t\t\t\t<\/div>\n\t\t<\/section>\n\t\t\t\t<\/div>","protected":false},"excerpt":{"rendered":"<p>Hagelscanner Digitale Schadenaufnahme Unsere fortschreitende Technologie setzt neue Ma\u00dfst\u00e4be in der Beurteilung von Hagelsch\u00e4den. Der Hagelscanner erm\u00f6glicht eine schnelle, pr\u00e4zise und vor allem objektive Schadensanalyse. Durch automatische Klassifizierung werden Anzahl und Gr\u00f6\u00dfe der Dellen an jedem Bauteil akkurat ermittelt, wodurch der zeitaufw\u00e4ndige Prozess des manuellen Z\u00e4hlens der Dellen entf\u00e4llt. Mehr erfahren Why it works: Der [&hellip;]<\/p>","protected":false},"author":1,"featured_media":0,"parent":389,"menu_order":0,"comment_status":"closed","ping_status":"closed","template":"","meta":{"footnotes":""},"_links":{"self":[{"href":"https:\/\/csi-repair.com\/fr\/wp-json\/wp\/v2\/pages\/3485"}],"collection":[{"href":"https:\/\/csi-repair.com\/fr\/wp-json\/wp\/v2\/pages"}],"about":[{"href":"https:\/\/csi-repair.com\/fr\/wp-json\/wp\/v2\/types\/page"}],"author":[{"embeddable":true,"href":"https:\/\/csi-repair.com\/fr\/wp-json\/wp\/v2\/users\/1"}],"replies":[{"embeddable":true,"href":"https:\/\/csi-repair.com\/fr\/wp-json\/wp\/v2\/comments?post=3485"}],"version-history":[{"count":7,"href":"https:\/\/csi-repair.com\/fr\/wp-json\/wp\/v2\/pages\/3485\/revisions"}],"predecessor-version":[{"id":3495,"href":"https:\/\/csi-repair.com\/fr\/wp-json\/wp\/v2\/pages\/3485\/revisions\/3495"}],"up":[{"embeddable":true,"href":"https:\/\/csi-repair.com\/fr\/wp-json\/wp\/v2\/pages\/389"}],"wp:attachment":[{"href":"https:\/\/csi-repair.com\/fr\/wp-json\/wp\/v2\/media?parent=3485"}],"curies":[{"name":"wp","href":"https:\/\/api.w.org\/{rel}","templated":true}]}}