{"id":493,"date":"2023-02-23T14:48:58","date_gmt":"2023-02-23T13:48:58","guid":{"rendered":"https:\/\/csi-repair.com\/?page_id=493"},"modified":"2024-08-30T11:56:45","modified_gmt":"2024-08-30T09:56:45","slug":"impressum","status":"publish","type":"page","link":"https:\/\/csi-repair.com\/fr\/impressum\/","title":{"rendered":"Imprimer"},"content":{"rendered":"<div data-elementor-type=\"wp-page\" data-elementor-id=\"493\" class=\"elementor elementor-493\" data-elementor-post-type=\"page\">\n\t\t\t\t\t\t<section class=\"elementor-section elementor-top-section elementor-element elementor-element-08164b4 elementor-section-boxed elementor-section-height-default elementor-section-height-default\" data-id=\"08164b4\" data-element_type=\"section\" data-settings=\"{&quot;background_background&quot;:&quot;classic&quot;}\">\n\t\t\t\t\t\t\t<div class=\"elementor-background-overlay\"><\/div>\n\t\t\t\t\t\t\t<div class=\"elementor-container elementor-column-gap-default\">\n\t\t\t\t\t<div class=\"elementor-column elementor-col-100 elementor-top-column elementor-element elementor-element-3aa0954\" data-id=\"3aa0954\" data-element_type=\"column\">\n\t\t\t<div class=\"elementor-widget-wrap elementor-element-populated\">\n\t\t\t\t\t\t<div class=\"elementor-element elementor-element-a941693 elementor-widget__width-auto elementor-widget elementor-widget-image\" data-id=\"a941693\" data-element_type=\"widget\" data-widget_type=\"image.default\">\n\t\t\t\t<div class=\"elementor-widget-container\">\n\t\t\t<style>\/*! elementor - v3.21.0 - 26-05-2024 *\/\n.elementor-widget-image{text-align:center}.elementor-widget-image a{display:inline-block}.elementor-widget-image a img[src$=\".svg\"]{width:48px}.elementor-widget-image img{vertical-align:middle;display:inline-block}<\/style>\t\t\t\t\t\t\t\t\t\t<img fetchpriority=\"high\" decoding=\"async\" width=\"1000\" height=\"1000\" src=\"https:\/\/csi-repair.com\/wp-content\/uploads\/2023\/06\/csi_bildmarke_white_2.png\" class=\"attachment-full size-full wp-image-1193\" alt=\"\" srcset=\"https:\/\/csi-repair.com\/wp-content\/uploads\/2023\/06\/csi_bildmarke_white_2.png 1000w, https:\/\/csi-repair.com\/wp-content\/uploads\/2023\/06\/csi_bildmarke_white_2-300x300.png 300w, https:\/\/csi-repair.com\/wp-content\/uploads\/2023\/06\/csi_bildmarke_white_2-150x150.png 150w, https:\/\/csi-repair.com\/wp-content\/uploads\/2023\/06\/csi_bildmarke_white_2-768x768.png 768w, https:\/\/csi-repair.com\/wp-content\/uploads\/2023\/06\/csi_bildmarke_white_2-12x12.png 12w\" sizes=\"(max-width: 1000px) 100vw, 1000px\" \/>\t\t\t\t\t\t\t\t\t\t\t\t\t<\/div>\n\t\t\t\t<\/div>\n\t\t\t\t<div class=\"elementor-element elementor-element-6d07aff elementor-widget__width-auto elementor-widget elementor-widget-heading\" data-id=\"6d07aff\" data-element_type=\"widget\" data-settings=\"{&quot;_animation&quot;:&quot;none&quot;}\" data-widget_type=\"heading.default\">\n\t\t\t\t<div class=\"elementor-widget-container\">\n\t\t\t<style>\/*! elementor - v3.21.0 - 26-05-2024 *\/\n.elementor-heading-title{padding:0;margin:0;line-height:1}.elementor-widget-heading .elementor-heading-title[class*=elementor-size-]>a{color:inherit;font-size:inherit;line-height:inherit}.elementor-widget-heading .elementor-heading-title.elementor-size-small{font-size:15px}.elementor-widget-heading .elementor-heading-title.elementor-size-medium{font-size:19px}.elementor-widget-heading .elementor-heading-title.elementor-size-large{font-size:29px}.elementor-widget-heading .elementor-heading-title.elementor-size-xl{font-size:39px}.elementor-widget-heading .elementor-heading-title.elementor-size-xxl{font-size:59px}<\/style><h6 class=\"elementor-heading-title elementor-size-default\">Juridique<\/h6>\t\t<\/div>\n\t\t\t\t<\/div>\n\t\t\t\t<div class=\"elementor-element elementor-element-1aecd9b elementor-widget elementor-widget-heading\" data-id=\"1aecd9b\" data-element_type=\"widget\" data-settings=\"{&quot;_animation&quot;:&quot;none&quot;}\" data-widget_type=\"heading.default\">\n\t\t\t\t<div class=\"elementor-widget-container\">\n\t\t\t<h1 class=\"elementor-heading-title elementor-size-default\">Imprimer<\/h1>\t\t<\/div>\n\t\t\t\t<\/div>\n\t\t\t\t\t<\/div>\n\t\t<\/div>\n\t\t\t\t\t<\/div>\n\t\t<\/section>\n\t\t\t\t<section class=\"elementor-section elementor-top-section elementor-element elementor-element-cde1fd2 elementor-section-boxed elementor-section-height-default elementor-section-height-default\" data-id=\"cde1fd2\" data-element_type=\"section\">\n\t\t\t\t\t\t<div class=\"elementor-container elementor-column-gap-default\">\n\t\t\t\t\t<div class=\"elementor-column elementor-col-100 elementor-top-column elementor-element elementor-element-2d98d2f\" data-id=\"2d98d2f\" data-element_type=\"column\">\n\t\t\t<div class=\"elementor-widget-wrap elementor-element-populated\">\n\t\t\t\t\t\t<div class=\"elementor-element elementor-element-14e0f9b elementor-widget elementor-widget-text-editor\" data-id=\"14e0f9b\" data-element_type=\"widget\" data-widget_type=\"text-editor.default\">\n\t\t\t\t<div class=\"elementor-widget-container\">\n\t\t\t<style>\/*! elementor - v3.21.0 - 26-05-2024 *\/\n.elementor-widget-text-editor.elementor-drop-cap-view-stacked .elementor-drop-cap{background-color:#69727d;color:#fff}.elementor-widget-text-editor.elementor-drop-cap-view-framed .elementor-drop-cap{color:#69727d;border:3px solid;background-color:transparent}.elementor-widget-text-editor:not(.elementor-drop-cap-view-default) .elementor-drop-cap{margin-top:8px}.elementor-widget-text-editor:not(.elementor-drop-cap-view-default) .elementor-drop-cap-letter{width:1em;height:1em}.elementor-widget-text-editor .elementor-drop-cap{float:left;text-align:center;line-height:1;font-size:50px}.elementor-widget-text-editor .elementor-drop-cap-letter{display:inline-block}<\/style>\t\t\t\t<p><strong>Car Solutions International GmbH<\/strong><br \/>Haart 224, Geb\u00e4ude 4<br \/>24539 Neum\u00fcnster<br \/>Allemagne<br \/>+49 4321 556300<br \/>+49 4321 5563029<br \/>info@getcsi.de<br \/>csi-repair.com<\/p><p>Gesch\u00e4ftsf\u00fchrer: Ralf Siegert<br \/>USt &#8211; IdNr.: DE 322837448<\/p><p>Webdesign: <a href=\"https:\/\/eichertmedia.de\/\" target=\"_blank\" rel=\"noopener\">Eichert Media<\/a><\/p><p>Mention l\u00e9gale<br \/>Sauf indication contraire, toutes les pages de ce serveur sont prot\u00e9g\u00e9es par le droit d'auteur.<\/p><p>Ceci s'applique en particulier aux textes, images, graphiques, fichiers audio et vid\u00e9o.<\/p><p>Cette publication ou des parties de celle-ci ne peuvent \u00eatre transmises ou reproduites, \u00e0 quelque fin que ce soit ou sous quelque forme que ce soit, sans l'accord \u00e9crit pr\u00e9alable de Car Solutions International GmbH.<\/p><p>Les sites Web et les produits logiciels propos\u00e9s par Car Solutions International GmbH peuvent \u00e9galement contenir des composants logiciels d'autres fabricants.<\/p><p>Tous les fichiers peuvent \u00eatre enti\u00e8rement ou partiellement soumis aux droits d'auteur de tiers.<\/p><p>Malgr\u00e9 un contr\u00f4le minutieux du contenu, Car Solutions International GmbH n'assume aucune responsabilit\u00e9 pour le contenu des liens externes. Les exploitants des pages li\u00e9es sont seuls responsables de leur contenu.<\/p>\t\t\t\t\t\t<\/div>\n\t\t\t\t<\/div>\n\t\t\t\t\t<\/div>\n\t\t<\/div>\n\t\t\t\t\t<\/div>\n\t\t<\/section>\n\t\t\t\t<\/div>","protected":false},"excerpt":{"rendered":"<p>Rechtliches Impressum Car Solutions International GmbHHaart 224, Geb\u00e4ude 424539 Neum\u00fcnsterDeutschland+49 4321 556300+49 4321 5563029info@getcsi.decsi-repair.com Gesch\u00e4ftsf\u00fchrer: Ralf SiegertUSt &#8211; IdNr.: DE 322837448 Webdesign: Eichert Media Rechtliche HinweiseFalls nicht anders angegeben, unterliegen alle Seiten auf diesem Server dem Urheberrecht (Copyright). Dies gilt insbesondere f\u00fcr Texte, Bilder, Grafiken, Ton- und Videodateien. Die Weitergabe und Vervielf\u00e4ltigung dieser Ver\u00f6ffentlichung oder [&hellip;]<\/p>","protected":false},"author":1,"featured_media":0,"parent":0,"menu_order":0,"comment_status":"closed","ping_status":"closed","template":"","meta":{"footnotes":""},"_links":{"self":[{"href":"https:\/\/csi-repair.com\/fr\/wp-json\/wp\/v2\/pages\/493"}],"collection":[{"href":"https:\/\/csi-repair.com\/fr\/wp-json\/wp\/v2\/pages"}],"about":[{"href":"https:\/\/csi-repair.com\/fr\/wp-json\/wp\/v2\/types\/page"}],"author":[{"embeddable":true,"href":"https:\/\/csi-repair.com\/fr\/wp-json\/wp\/v2\/users\/1"}],"replies":[{"embeddable":true,"href":"https:\/\/csi-repair.com\/fr\/wp-json\/wp\/v2\/comments?post=493"}],"version-history":[{"count":47,"href":"https:\/\/csi-repair.com\/fr\/wp-json\/wp\/v2\/pages\/493\/revisions"}],"predecessor-version":[{"id":3262,"href":"https:\/\/csi-repair.com\/fr\/wp-json\/wp\/v2\/pages\/493\/revisions\/3262"}],"wp:attachment":[{"href":"https:\/\/csi-repair.com\/fr\/wp-json\/wp\/v2\/media?parent=493"}],"curies":[{"name":"wp","href":"https:\/\/api.w.org\/{rel}","templated":true}]}}