{"id":643,"date":"2023-03-22T15:02:18","date_gmt":"2023-03-22T14:02:18","guid":{"rendered":"https:\/\/csi-repair.com\/?page_id=643"},"modified":"2023-06-23T15:21:48","modified_gmt":"2023-06-23T13:21:48","slug":"loesungen","status":"publish","type":"page","link":"https:\/\/csi-repair.com\/fr\/loesungen\/","title":{"rendered":"Solutions"},"content":{"rendered":"<div data-elementor-type=\"wp-page\" data-elementor-id=\"643\" class=\"elementor elementor-643\" data-elementor-post-type=\"page\">\n\t\t\t\t\t\t<section class=\"elementor-section elementor-top-section elementor-element elementor-element-653a437 elementor-section-height-min-height elementor-section-boxed elementor-section-height-default elementor-section-items-middle\" data-id=\"653a437\" data-element_type=\"section\" data-settings=\"{&quot;background_background&quot;:&quot;classic&quot;}\">\n\t\t\t\t\t\t\t<div class=\"elementor-background-overlay\"><\/div>\n\t\t\t\t\t\t\t<div class=\"elementor-container elementor-column-gap-default\">\n\t\t\t\t\t<div class=\"elementor-column elementor-col-50 elementor-top-column elementor-element elementor-element-750c3cf\" data-id=\"750c3cf\" data-element_type=\"column\">\n\t\t\t<div class=\"elementor-widget-wrap elementor-element-populated\">\n\t\t\t\t\t\t<div class=\"elementor-element elementor-element-2f10327 elementor-widget elementor-widget-heading\" data-id=\"2f10327\" data-element_type=\"widget\" data-widget_type=\"heading.default\">\n\t\t\t\t<div class=\"elementor-widget-container\">\n\t\t\t<style>\/*! elementor - v3.21.0 - 26-05-2024 *\/\n.elementor-heading-title{padding:0;margin:0;line-height:1}.elementor-widget-heading .elementor-heading-title[class*=elementor-size-]>a{color:inherit;font-size:inherit;line-height:inherit}.elementor-widget-heading .elementor-heading-title.elementor-size-small{font-size:15px}.elementor-widget-heading .elementor-heading-title.elementor-size-medium{font-size:19px}.elementor-widget-heading .elementor-heading-title.elementor-size-large{font-size:29px}.elementor-widget-heading .elementor-heading-title.elementor-size-xl{font-size:39px}.elementor-widget-heading .elementor-heading-title.elementor-size-xxl{font-size:59px}<\/style><h1 class=\"elementor-heading-title elementor-size-default\">Nos solutions.<\/br>\nPar\u00e9 \u00e0 toutes les \u00e9ventualit\u00e9s.<\/h1>\t\t<\/div>\n\t\t\t\t<\/div>\n\t\t\t\t<div class=\"elementor-element elementor-element-3debdac elementor-widget elementor-widget-text-editor\" data-id=\"3debdac\" data-element_type=\"widget\" data-widget_type=\"text-editor.default\">\n\t\t\t\t<div class=\"elementor-widget-container\">\n\t\t\t<style>\/*! elementor - v3.21.0 - 26-05-2024 *\/\n.elementor-widget-text-editor.elementor-drop-cap-view-stacked .elementor-drop-cap{background-color:#69727d;color:#fff}.elementor-widget-text-editor.elementor-drop-cap-view-framed .elementor-drop-cap{color:#69727d;border:3px solid;background-color:transparent}.elementor-widget-text-editor:not(.elementor-drop-cap-view-default) .elementor-drop-cap{margin-top:8px}.elementor-widget-text-editor:not(.elementor-drop-cap-view-default) .elementor-drop-cap-letter{width:1em;height:1em}.elementor-widget-text-editor .elementor-drop-cap{float:left;text-align:center;line-height:1;font-size:50px}.elementor-widget-text-editor .elementor-drop-cap-letter{display:inline-block}<\/style>\t\t\t\t<p>CSI propose des solutions sur mesure pour tous les acteurs du march\u00e9 dans le domaine du r\u00e8glement des sinistres pour les v\u00e9hicules apr\u00e8s des catastrophes naturelles<\/p>\t\t\t\t\t\t<\/div>\n\t\t\t\t<\/div>\n\t\t\t\t<div class=\"elementor-element elementor-element-6250d6e elementor-widget elementor-widget-button\" data-id=\"6250d6e\" data-element_type=\"widget\" data-widget_type=\"button.default\">\n\t\t\t\t<div class=\"elementor-widget-container\">\n\t\t\t\t\t<div class=\"elementor-button-wrapper\">\n\t\t\t<a class=\"elementor-button elementor-button-link elementor-size-md\" href=\"#mehr\">\n\t\t\t\t\t\t<span class=\"elementor-button-content-wrapper\">\n\t\t\t\t\t\t\t\t\t<span class=\"elementor-button-text\">Apprendre encore plus<\/span>\n\t\t\t\t\t<\/span>\n\t\t\t\t\t<\/a>\n\t\t<\/div>\n\t\t\t\t<\/div>\n\t\t\t\t<\/div>\n\t\t\t\t\t<\/div>\n\t\t<\/div>\n\t\t\t\t<div class=\"elementor-column elementor-col-50 elementor-top-column elementor-element elementor-element-870e4db elementor-hidden-tablet elementor-hidden-mobile\" data-id=\"870e4db\" data-element_type=\"column\">\n\t\t\t<div class=\"elementor-widget-wrap\">\n\t\t\t\t\t\t\t<\/div>\n\t\t<\/div>\n\t\t\t\t\t<\/div>\n\t\t<\/section>\n\t\t\t\t<section class=\"elementor-section elementor-top-section elementor-element elementor-element-6884e8a elementor-section-boxed elementor-section-height-default elementor-section-height-default\" data-id=\"6884e8a\" data-element_type=\"section\" id=\"mehr\">\n\t\t\t\t\t\t<div class=\"elementor-container elementor-column-gap-default\">\n\t\t\t\t\t<div class=\"elementor-column elementor-col-33 elementor-top-column elementor-element elementor-element-7989575\" data-id=\"7989575\" data-element_type=\"column\" data-settings=\"{&quot;background_background&quot;:&quot;classic&quot;}\">\n\t\t\t<div class=\"elementor-widget-wrap elementor-element-populated\">\n\t\t\t\t\t\t<div class=\"elementor-element elementor-element-ed2c29f elementor-position-top elementor-widget elementor-widget-image-box\" data-id=\"ed2c29f\" data-element_type=\"widget\" data-widget_type=\"image-box.default\">\n\t\t\t\t<div class=\"elementor-widget-container\">\n\t\t\t<style>.elementor-widget-image-box .elementor-image-box-content{width:100%}@media (min-width:768px){.elementor-widget-image-box.elementor-position-left .elementor-image-box-wrapper,.elementor-widget-image-box.elementor-position-right .elementor-image-box-wrapper{display:flex}.elementor-widget-image-box.elementor-position-right .elementor-image-box-wrapper{text-align:end;flex-direction:row-reverse}.elementor-widget-image-box.elementor-position-left .elementor-image-box-wrapper{text-align:start;flex-direction:row}.elementor-widget-image-box.elementor-position-top .elementor-image-box-img{margin:auto}.elementor-widget-image-box.elementor-vertical-align-top .elementor-image-box-wrapper{align-items:flex-start}.elementor-widget-image-box.elementor-vertical-align-middle .elementor-image-box-wrapper{align-items:center}.elementor-widget-image-box.elementor-vertical-align-bottom .elementor-image-box-wrapper{align-items:flex-end}}@media (max-width:767px){.elementor-widget-image-box .elementor-image-box-img{margin-left:auto!important;margin-right:auto!important;margin-bottom:15px}}.elementor-widget-image-box .elementor-image-box-img{display:inline-block}.elementor-widget-image-box .elementor-image-box-title a{color:inherit}.elementor-widget-image-box .elementor-image-box-wrapper{text-align:center}.elementor-widget-image-box .elementor-image-box-description{margin:0}<\/style><div class=\"elementor-image-box-wrapper\"><figure class=\"elementor-image-box-img\"><img fetchpriority=\"high\" decoding=\"async\" width=\"886\" height=\"494\" src=\"https:\/\/csi-repair.com\/wp-content\/uploads\/2023\/04\/versicherungen.png\" class=\"attachment-full size-full wp-image-713\" alt=\"\" srcset=\"https:\/\/csi-repair.com\/wp-content\/uploads\/2023\/04\/versicherungen.png 886w, https:\/\/csi-repair.com\/wp-content\/uploads\/2023\/04\/versicherungen-300x167.png 300w, https:\/\/csi-repair.com\/wp-content\/uploads\/2023\/04\/versicherungen-768x428.png 768w, https:\/\/csi-repair.com\/wp-content\/uploads\/2023\/04\/versicherungen-18x10.png 18w\" sizes=\"(max-width: 886px) 100vw, 886px\" \/><\/figure><div class=\"elementor-image-box-content\"><h5 class=\"elementor-image-box-title\">Assurances<\/h5><p class=\"elementor-image-box-description\">\u2022 Visionnements collectifs<\/br>\n\u2022 Analyse du v\u00e9hicule<\/br>\n\u2022 R\u00e9paration<\/br>\n<\/p><\/div><\/div>\t\t<\/div>\n\t\t\t\t<\/div>\n\t\t\t\t<div class=\"elementor-element elementor-element-d59c617 elementor-widget elementor-widget-button\" data-id=\"d59c617\" data-element_type=\"widget\" data-widget_type=\"button.default\">\n\t\t\t\t<div class=\"elementor-widget-container\">\n\t\t\t\t\t<div class=\"elementor-button-wrapper\">\n\t\t\t<a class=\"elementor-button elementor-button-link elementor-size-md\" href=\"https:\/\/csi-repair.com\/fr\/loesungen\/versicherungen\/\">\n\t\t\t\t\t\t<span class=\"elementor-button-content-wrapper\">\n\t\t\t\t\t\t\t\t\t<span class=\"elementor-button-text\">Apprendre encore plus<\/span>\n\t\t\t\t\t<\/span>\n\t\t\t\t\t<\/a>\n\t\t<\/div>\n\t\t\t\t<\/div>\n\t\t\t\t<\/div>\n\t\t\t\t\t<\/div>\n\t\t<\/div>\n\t\t\t\t<div class=\"elementor-column elementor-col-33 elementor-top-column elementor-element elementor-element-0e4c78d\" data-id=\"0e4c78d\" data-element_type=\"column\" data-settings=\"{&quot;background_background&quot;:&quot;classic&quot;}\">\n\t\t\t<div class=\"elementor-widget-wrap elementor-element-populated\">\n\t\t\t\t\t\t<div class=\"elementor-element elementor-element-50d2c88 elementor-position-top elementor-widget elementor-widget-image-box\" data-id=\"50d2c88\" data-element_type=\"widget\" data-widget_type=\"image-box.default\">\n\t\t\t\t<div class=\"elementor-widget-container\">\n\t\t\t<div class=\"elementor-image-box-wrapper\"><figure class=\"elementor-image-box-img\"><img decoding=\"async\" width=\"886\" height=\"494\" src=\"https:\/\/csi-repair.com\/wp-content\/uploads\/2023\/04\/logistikplaetze.jpg\" class=\"attachment-full size-full wp-image-712\" alt=\"\" srcset=\"https:\/\/csi-repair.com\/wp-content\/uploads\/2023\/04\/logistikplaetze.jpg 886w, https:\/\/csi-repair.com\/wp-content\/uploads\/2023\/04\/logistikplaetze-300x167.jpg 300w, https:\/\/csi-repair.com\/wp-content\/uploads\/2023\/04\/logistikplaetze-768x428.jpg 768w, https:\/\/csi-repair.com\/wp-content\/uploads\/2023\/04\/logistikplaetze-18x10.jpg 18w\" sizes=\"(max-width: 886px) 100vw, 886px\" \/><\/figure><div class=\"elementor-image-box-content\"><h5 class=\"elementor-image-box-title\">Lieux logistiques<\/h5><p class=\"elementor-image-box-description\">\u2022 Concepts d'offre<\/br>\n\u2022 Infrastructure<\/br>\n\u2022 R\u00e9paration<\/br>\n<\/p><\/div><\/div>\t\t<\/div>\n\t\t\t\t<\/div>\n\t\t\t\t<div class=\"elementor-element elementor-element-5924ff2 elementor-widget elementor-widget-button\" data-id=\"5924ff2\" data-element_type=\"widget\" data-widget_type=\"button.default\">\n\t\t\t\t<div class=\"elementor-widget-container\">\n\t\t\t\t\t<div class=\"elementor-button-wrapper\">\n\t\t\t<a class=\"elementor-button elementor-button-link elementor-size-md\" href=\"https:\/\/csi-repair.com\/fr\/loesungen\/logistikplaetze\/\">\n\t\t\t\t\t\t<span class=\"elementor-button-content-wrapper\">\n\t\t\t\t\t\t\t\t\t<span class=\"elementor-button-text\">Apprendre encore plus<\/span>\n\t\t\t\t\t<\/span>\n\t\t\t\t\t<\/a>\n\t\t<\/div>\n\t\t\t\t<\/div>\n\t\t\t\t<\/div>\n\t\t\t\t\t<\/div>\n\t\t<\/div>\n\t\t\t\t<div class=\"elementor-column elementor-col-33 elementor-top-column elementor-element elementor-element-dac9469\" data-id=\"dac9469\" data-element_type=\"column\" data-settings=\"{&quot;background_background&quot;:&quot;classic&quot;}\">\n\t\t\t<div class=\"elementor-widget-wrap elementor-element-populated\">\n\t\t\t\t\t\t<div class=\"elementor-element elementor-element-7968189 elementor-position-top elementor-widget elementor-widget-image-box\" data-id=\"7968189\" data-element_type=\"widget\" data-widget_type=\"image-box.default\">\n\t\t\t\t<div class=\"elementor-widget-container\">\n\t\t\t<div class=\"elementor-image-box-wrapper\"><figure class=\"elementor-image-box-img\"><img decoding=\"async\" width=\"886\" height=\"494\" src=\"https:\/\/csi-repair.com\/wp-content\/uploads\/2023\/04\/autohaeuser.jpg\" class=\"attachment-full size-full wp-image-711\" alt=\"\" srcset=\"https:\/\/csi-repair.com\/wp-content\/uploads\/2023\/04\/autohaeuser.jpg 886w, https:\/\/csi-repair.com\/wp-content\/uploads\/2023\/04\/autohaeuser-300x167.jpg 300w, https:\/\/csi-repair.com\/wp-content\/uploads\/2023\/04\/autohaeuser-768x428.jpg 768w, https:\/\/csi-repair.com\/wp-content\/uploads\/2023\/04\/autohaeuser-18x10.jpg 18w\" sizes=\"(max-width: 886px) 100vw, 886px\" \/><\/figure><div class=\"elementor-image-box-content\"><h5 class=\"elementor-image-box-title\">Concessionnaires automobiles et entreprises K+L<\/h5><p class=\"elementor-image-box-description\">\u2022 Assistance SV<\/br>\n\u2022 R\u00e9siliation<\/br>\n\u2022 Manipulation et r\u00e9paration<\/br>\n\n<\/p><\/div><\/div>\t\t<\/div>\n\t\t\t\t<\/div>\n\t\t\t\t<div class=\"elementor-element elementor-element-f9630aa elementor-widget elementor-widget-button\" data-id=\"f9630aa\" data-element_type=\"widget\" data-widget_type=\"button.default\">\n\t\t\t\t<div class=\"elementor-widget-container\">\n\t\t\t\t\t<div class=\"elementor-button-wrapper\">\n\t\t\t<a class=\"elementor-button elementor-button-link elementor-size-md\" href=\"https:\/\/csi-repair.com\/fr\/loesungen\/logistikplaetze\/\">\n\t\t\t\t\t\t<span class=\"elementor-button-content-wrapper\">\n\t\t\t\t\t\t\t\t\t<span class=\"elementor-button-text\">Apprendre encore plus<\/span>\n\t\t\t\t\t<\/span>\n\t\t\t\t\t<\/a>\n\t\t<\/div>\n\t\t\t\t<\/div>\n\t\t\t\t<\/div>\n\t\t\t\t\t<\/div>\n\t\t<\/div>\n\t\t\t\t\t<\/div>\n\t\t<\/section>\n\t\t\t\t<\/div>","protected":false},"excerpt":{"rendered":"<p>Unsere L\u00f6sungen. F\u00fcr alle F\u00e4lle gewappnet. CSI bietet ma\u00dfgeschneiderte L\u00f6sungsans\u00e4tze f\u00fcr alle Marktteilnehmer im Bereich der Schadensregulierung von Fahrzeugen nach Naturkatastrophen Mehr erfahren Versicherungen \u2022 Sammelbesichtigungen \u2022 Fahrzeug-Scan \u2022 Reparatur Mehr erfahren Logistikpl\u00e4tze \u2022 Angebotskonzepte \u2022 Infrastruktur \u2022 Reparatur Mehr erfahren Autoh\u00e4user &#038; K+L Betriebe \u2022 SV-Begleitung \u2022 Terminierung \u2022 Abwicklung &#038; Reparatur Mehr erfahren<\/p>","protected":false},"author":1,"featured_media":0,"parent":0,"menu_order":0,"comment_status":"closed","ping_status":"closed","template":"","meta":{"footnotes":""},"_links":{"self":[{"href":"https:\/\/csi-repair.com\/fr\/wp-json\/wp\/v2\/pages\/643"}],"collection":[{"href":"https:\/\/csi-repair.com\/fr\/wp-json\/wp\/v2\/pages"}],"about":[{"href":"https:\/\/csi-repair.com\/fr\/wp-json\/wp\/v2\/types\/page"}],"author":[{"embeddable":true,"href":"https:\/\/csi-repair.com\/fr\/wp-json\/wp\/v2\/users\/1"}],"replies":[{"embeddable":true,"href":"https:\/\/csi-repair.com\/fr\/wp-json\/wp\/v2\/comments?post=643"}],"version-history":[{"count":19,"href":"https:\/\/csi-repair.com\/fr\/wp-json\/wp\/v2\/pages\/643\/revisions"}],"predecessor-version":[{"id":2027,"href":"https:\/\/csi-repair.com\/fr\/wp-json\/wp\/v2\/pages\/643\/revisions\/2027"}],"wp:attachment":[{"href":"https:\/\/csi-repair.com\/fr\/wp-json\/wp\/v2\/media?parent=643"}],"curies":[{"name":"wp","href":"https:\/\/api.w.org\/{rel}","templated":true}]}}