{"id":3485,"date":"2025-04-07T12:31:41","date_gmt":"2025-04-07T10:31:41","guid":{"rendered":"https:\/\/csi-repair.com\/?page_id=3485"},"modified":"2025-04-07T12:37:34","modified_gmt":"2025-04-07T10:37:34","slug":"hagelscanner","status":"publish","type":"page","link":"https:\/\/csi-repair.com\/nl\/leistungen\/hagelscanner\/","title":{"rendered":"Hagel scanner"},"content":{"rendered":"<div data-elementor-type=\"wp-page\" data-elementor-id=\"3485\" class=\"elementor elementor-3485\" data-elementor-post-type=\"page\">\n\t\t\t\t\t\t<section class=\"elementor-section elementor-top-section elementor-element elementor-element-e1196c8 elementor-section-height-min-height elementor-section-boxed elementor-section-height-default elementor-section-items-middle\" data-id=\"e1196c8\" data-element_type=\"section\" data-settings=\"{&quot;background_background&quot;:&quot;classic&quot;}\">\n\t\t\t\t\t\t\t<div class=\"elementor-background-overlay\"><\/div>\n\t\t\t\t\t\t\t<div class=\"elementor-container elementor-column-gap-default\">\n\t\t\t\t\t<div class=\"elementor-column elementor-col-50 elementor-top-column elementor-element elementor-element-a6687dd\" data-id=\"a6687dd\" data-element_type=\"column\">\n\t\t\t<div class=\"elementor-widget-wrap elementor-element-populated\">\n\t\t\t\t\t\t<div class=\"elementor-element elementor-element-85d2018 elementor-widget elementor-widget-heading\" data-id=\"85d2018\" data-element_type=\"widget\" data-widget_type=\"heading.default\">\n\t\t\t\t<div class=\"elementor-widget-container\">\n\t\t\t<style>\/*! elementor - v3.21.0 - 26-05-2024 *\/\n.elementor-heading-title{padding:0;margin:0;line-height:1}.elementor-widget-heading .elementor-heading-title[class*=elementor-size-]>a{color:inherit;font-size:inherit;line-height:inherit}.elementor-widget-heading .elementor-heading-title.elementor-size-small{font-size:15px}.elementor-widget-heading .elementor-heading-title.elementor-size-medium{font-size:19px}.elementor-widget-heading .elementor-heading-title.elementor-size-large{font-size:29px}.elementor-widget-heading .elementor-heading-title.elementor-size-xl{font-size:39px}.elementor-widget-heading .elementor-heading-title.elementor-size-xxl{font-size:59px}<\/style><h1 class=\"elementor-heading-title elementor-size-default\">Hagel scanner<\/h1>\t\t<\/div>\n\t\t\t\t<\/div>\n\t\t\t\t<div class=\"elementor-element elementor-element-9aebf80 elementor-widget elementor-widget-heading\" data-id=\"9aebf80\" data-element_type=\"widget\" data-widget_type=\"heading.default\">\n\t\t\t\t<div class=\"elementor-widget-container\">\n\t\t\t<h2 class=\"elementor-heading-title elementor-size-default\">Digitale schaderegistratie\n<\/h2>\t\t<\/div>\n\t\t\t\t<\/div>\n\t\t\t\t<div class=\"elementor-element elementor-element-ead0519 elementor-widget elementor-widget-text-editor\" data-id=\"ead0519\" data-element_type=\"widget\" data-widget_type=\"text-editor.default\">\n\t\t\t\t<div class=\"elementor-widget-container\">\n\t\t\t<style>\/*! elementor - v3.21.0 - 26-05-2024 *\/\n.elementor-widget-text-editor.elementor-drop-cap-view-stacked .elementor-drop-cap{background-color:#69727d;color:#fff}.elementor-widget-text-editor.elementor-drop-cap-view-framed .elementor-drop-cap{color:#69727d;border:3px solid;background-color:transparent}.elementor-widget-text-editor:not(.elementor-drop-cap-view-default) .elementor-drop-cap{margin-top:8px}.elementor-widget-text-editor:not(.elementor-drop-cap-view-default) .elementor-drop-cap-letter{width:1em;height:1em}.elementor-widget-text-editor .elementor-drop-cap{float:left;text-align:center;line-height:1;font-size:50px}.elementor-widget-text-editor .elementor-drop-cap-letter{display:inline-block}<\/style>\t\t\t\tOnze voortschrijdende technologie stelt nieuwe normen bij het beoordelen van hagelschade. De hagelscanner maakt een snelle, nauwkeurige en vooral objectieve schadeanalyse mogelijk. Automatische classificatie bepaalt nauwkeurig het aantal en de grootte van de deuken op elk onderdeel, waardoor het tijdrovende proces van het handmatig tellen van deuken wordt ge\u00eblimineerd.\t\t\t\t\t\t<\/div>\n\t\t\t\t<\/div>\n\t\t\t\t<div class=\"elementor-element elementor-element-9e0989e elementor-widget elementor-widget-button\" data-id=\"9e0989e\" data-element_type=\"widget\" data-widget_type=\"button.default\">\n\t\t\t\t<div class=\"elementor-widget-container\">\n\t\t\t\t\t<div class=\"elementor-button-wrapper\">\n\t\t\t<a class=\"elementor-button elementor-button-link elementor-size-md\" href=\"#mehr\">\n\t\t\t\t\t\t<span class=\"elementor-button-content-wrapper\">\n\t\t\t\t\t\t\t\t\t<span class=\"elementor-button-text\">Kom meer te weten<\/span>\n\t\t\t\t\t<\/span>\n\t\t\t\t\t<\/a>\n\t\t<\/div>\n\t\t\t\t<\/div>\n\t\t\t\t<\/div>\n\t\t\t\t\t<\/div>\n\t\t<\/div>\n\t\t\t\t<div class=\"elementor-column elementor-col-50 elementor-top-column elementor-element elementor-element-bf440f9 elementor-hidden-tablet elementor-hidden-mobile\" data-id=\"bf440f9\" data-element_type=\"column\">\n\t\t\t<div class=\"elementor-widget-wrap\">\n\t\t\t\t\t\t\t<\/div>\n\t\t<\/div>\n\t\t\t\t\t<\/div>\n\t\t<\/section>\n\t\t\t\t<section class=\"elementor-section elementor-top-section elementor-element elementor-element-9c78715 elementor-section-boxed elementor-section-height-default elementor-section-height-default\" data-id=\"9c78715\" data-element_type=\"section\" id=\"mehr\">\n\t\t\t\t\t\t<div class=\"elementor-container elementor-column-gap-default\">\n\t\t\t\t\t<div class=\"elementor-column elementor-col-100 elementor-top-column elementor-element elementor-element-c6c6f5d\" data-id=\"c6c6f5d\" data-element_type=\"column\">\n\t\t\t<div class=\"elementor-widget-wrap elementor-element-populated\">\n\t\t\t\t\t\t<section class=\"elementor-section elementor-inner-section elementor-element elementor-element-851109b elementor-section-full_width elementor-reverse-mobile elementor-section-height-default elementor-section-height-default\" data-id=\"851109b\" data-element_type=\"section\">\n\t\t\t\t\t\t<div class=\"elementor-container elementor-column-gap-default\">\n\t\t\t\t\t<div class=\"elementor-column elementor-col-100 elementor-inner-column elementor-element elementor-element-ff9e737 elementor-invisible\" data-id=\"ff9e737\" data-element_type=\"column\" data-settings=\"{&quot;animation&quot;:&quot;fadeInRight&quot;,&quot;animation_mobile&quot;:&quot;none&quot;}\">\n\t\t\t<div class=\"elementor-widget-wrap elementor-element-populated\">\n\t\t\t\t\t\t<div class=\"elementor-element elementor-element-202528b elementor-widget elementor-widget-heading\" data-id=\"202528b\" data-element_type=\"widget\" data-widget_type=\"heading.default\">\n\t\t\t\t<div class=\"elementor-widget-container\">\n\t\t\t<h6 class=\"elementor-heading-title elementor-size-default\">Waarom het werkt:\n\n<\/h6>\t\t<\/div>\n\t\t\t\t<\/div>\n\t\t\t\t<div class=\"elementor-element elementor-element-d0a3249 elementor-widget elementor-widget-image\" data-id=\"d0a3249\" data-element_type=\"widget\" data-widget_type=\"image.default\">\n\t\t\t\t<div class=\"elementor-widget-container\">\n\t\t\t<style>\/*! elementor - v3.21.0 - 26-05-2024 *\/\n.elementor-widget-image{text-align:center}.elementor-widget-image a{display:inline-block}.elementor-widget-image a img[src$=\".svg\"]{width:48px}.elementor-widget-image img{vertical-align:middle;display:inline-block}<\/style>\t\t\t\t\t\t\t\t\t\t<img fetchpriority=\"high\" decoding=\"async\" width=\"2000\" height=\"912\" src=\"https:\/\/csi-repair.com\/wp-content\/uploads\/2025\/04\/Hail-Scanner-new-and-old-2-no-bg.png\" class=\"attachment-full size-full wp-image-3488\" alt=\"\" srcset=\"https:\/\/csi-repair.com\/wp-content\/uploads\/2025\/04\/Hail-Scanner-new-and-old-2-no-bg.png 2000w, https:\/\/csi-repair.com\/wp-content\/uploads\/2025\/04\/Hail-Scanner-new-and-old-2-no-bg-300x137.png 300w, https:\/\/csi-repair.com\/wp-content\/uploads\/2025\/04\/Hail-Scanner-new-and-old-2-no-bg-1024x467.png 1024w, https:\/\/csi-repair.com\/wp-content\/uploads\/2025\/04\/Hail-Scanner-new-and-old-2-no-bg-768x350.png 768w, https:\/\/csi-repair.com\/wp-content\/uploads\/2025\/04\/Hail-Scanner-new-and-old-2-no-bg-1536x700.png 1536w, https:\/\/csi-repair.com\/wp-content\/uploads\/2025\/04\/Hail-Scanner-new-and-old-2-no-bg-18x8.png 18w\" sizes=\"(max-width: 2000px) 100vw, 2000px\" \/>\t\t\t\t\t\t\t\t\t\t\t\t\t<\/div>\n\t\t\t\t<\/div>\n\t\t\t\t<div class=\"elementor-element elementor-element-bad496c elementor-widget elementor-widget-heading\" data-id=\"bad496c\" data-element_type=\"widget\" data-widget_type=\"heading.default\">\n\t\t\t\t<div class=\"elementor-widget-container\">\n\t\t\t<h2 class=\"elementor-heading-title elementor-size-default\">De CSI hagelscanner<\/h2>\t\t<\/div>\n\t\t\t\t<\/div>\n\t\t\t\t<div class=\"elementor-element elementor-element-0ff380e elementor-widget elementor-widget-heading\" data-id=\"0ff380e\" data-element_type=\"widget\" data-widget_type=\"heading.default\">\n\t\t\t\t<div class=\"elementor-widget-container\">\n\t\t\t<h3 class=\"elementor-heading-title elementor-size-default\">Schadedetectie zo snel als het licht\n<\/h3>\t\t<\/div>\n\t\t\t\t<\/div>\n\t\t\t\t<div class=\"elementor-element elementor-element-b671665 elementor-widget elementor-widget-text-editor\" data-id=\"b671665\" data-element_type=\"widget\" data-widget_type=\"text-editor.default\">\n\t\t\t\t<div class=\"elementor-widget-container\">\n\t\t\t\t\t\t\t<div class=\"elementor-element elementor-element-b671665 elementor-widget elementor-widget-text-editor\" data-id=\"b671665\" data-element_type=\"widget\" data-widget_type=\"text-editor.default\"><div class=\"elementor-widget-container\"><p>Met de hagelscanner ontvangt u resultaten die aan uw wensen voldoen, zowel in een helder overzicht als gedetailleerd. Onze innovatieve technologie geeft u de mogelijkheid om de gegevens eenvoudig te exporteren en naadloos te integreren in uw bestaande systemen. Dankzij het compacte ontwerp is de hagelscanner vrijwel overal inzetbaar, waardoor u een duidelijk marketingvoordeel heeft.<\/p><p><strong>Voordelen en kernpunten:<\/strong><\/p><ul><li><p><strong>Snelle en nauwkeurige schade-evaluatie:<\/strong>\u00a0De hagelscanner maakt een snelle en nauwkeurige analyse van het schadepatroon mogelijk.<\/p><\/li><li><p><strong>Automatische deukclassificatie:<\/strong>\u00a0Onze technologie bepaalt automatisch het aantal en de grootte van deuken per onderdeel.<\/p><\/li><li><p><strong>Klaar voor gebruik in slechts 60 minuten:<\/strong>\u00a0De scanner is in een mum van tijd klaar voor gebruik, wat de tijd en effici\u00ebntie vergroot.<\/p><\/li><li><p><strong>Verplichte registratie van hageldeuken:<\/strong>\u00a0U ontvangt duidelijke en begrijpelijke gegevens die een betrouwbare schadedocumentatie mogelijk maken.<\/p><\/li><li><p><strong>Gegevensexport voor externe software:<\/strong>\u00a0Dankzij een interface kunnen gegevens eenvoudig worden ge\u00ebxporteerd voor integratie in externe softwareoplossingen.<\/p><\/li><li><p><strong>Compact ontwerp:<\/strong>\u00a0De hagelscanner heeft weinig ruimte nodig en is daardoor in vrijwel alle ruimtes te gebruiken.<\/p><\/li><li><p><strong>Modulair rapportsysteem:<\/strong>\u00a0Cre\u00eber rapporten die precies aan uw behoeften voldoen, of het nu gaat om een \u200b\u200bduidelijke samenvatting of gedetailleerde informatie.<\/p><\/li><li><p><strong>Marketingvoordeel door innovatieve technologie:<\/strong>\u00a0Profiteer van de technologische vooruitgang om u te onderscheiden van de concurrentie en uw bedrijf te versterken.<\/p><\/li><li><p><strong>Veelzijdig gebruik:<\/strong>\u00a0De hagelscanner wordt in een breed scala aan toepassingen gebruikt, of het nu gaat om massale hagelevenementen voor verzekeringsmaatschappijen, wagenparken, platforms of autodealers.<\/p><\/li><\/ul><p>Vertrouw op de CSI-hagelscanner om uw schadebeoordeling te optimaliseren en tegelijkertijd uw bedrijf te promoten. Bent u ge\u00efnteresseerd, neem dan contact met ons op!<\/p><\/div><\/div><div class=\"elementor-element elementor-element-0ddad80 elementor-widget elementor-widget-button\" data-id=\"0ddad80\" data-element_type=\"widget\" data-widget_type=\"button.default\"><div class=\"elementor-widget-container\"><div class=\"elementor-button-wrapper\">\u00a0<\/div><\/div><\/div>\t\t\t\t\t\t<\/div>\n\t\t\t\t<\/div>\n\t\t\t\t<div class=\"elementor-element elementor-element-f0e4677 elementor-widget elementor-widget-button\" data-id=\"f0e4677\" data-element_type=\"widget\" data-widget_type=\"button.default\">\n\t\t\t\t<div class=\"elementor-widget-container\">\n\t\t\t\t\t<div class=\"elementor-button-wrapper\">\n\t\t\t<a class=\"elementor-button elementor-button-link elementor-size-md\" href=\"https:\/\/csi-repair.com\/nl\/kontakt\/\">\n\t\t\t\t\t\t<span class=\"elementor-button-content-wrapper\">\n\t\t\t\t\t\t\t\t\t<span class=\"elementor-button-text\">Contact nu<\/span>\n\t\t\t\t\t<\/span>\n\t\t\t\t\t<\/a>\n\t\t<\/div>\n\t\t\t\t<\/div>\n\t\t\t\t<\/div>\n\t\t\t\t\t<\/div>\n\t\t<\/div>\n\t\t\t\t\t<\/div>\n\t\t<\/section>\n\t\t\t\t\t<\/div>\n\t\t<\/div>\n\t\t\t\t\t<\/div>\n\t\t<\/section>\n\t\t\t\t<\/div>","protected":false},"excerpt":{"rendered":"<p>Hagelscanner Digitale Schadenaufnahme Unsere fortschreitende Technologie setzt neue Ma\u00dfst\u00e4be in der Beurteilung von Hagelsch\u00e4den. Der Hagelscanner erm\u00f6glicht eine schnelle, pr\u00e4zise und vor allem objektive Schadensanalyse. Durch automatische Klassifizierung werden Anzahl und Gr\u00f6\u00dfe der Dellen an jedem Bauteil akkurat ermittelt, wodurch der zeitaufw\u00e4ndige Prozess des manuellen Z\u00e4hlens der Dellen entf\u00e4llt. Mehr erfahren Why it works: Der [&hellip;]<\/p>","protected":false},"author":1,"featured_media":0,"parent":389,"menu_order":0,"comment_status":"closed","ping_status":"closed","template":"","meta":{"footnotes":""},"_links":{"self":[{"href":"https:\/\/csi-repair.com\/nl\/wp-json\/wp\/v2\/pages\/3485"}],"collection":[{"href":"https:\/\/csi-repair.com\/nl\/wp-json\/wp\/v2\/pages"}],"about":[{"href":"https:\/\/csi-repair.com\/nl\/wp-json\/wp\/v2\/types\/page"}],"author":[{"embeddable":true,"href":"https:\/\/csi-repair.com\/nl\/wp-json\/wp\/v2\/users\/1"}],"replies":[{"embeddable":true,"href":"https:\/\/csi-repair.com\/nl\/wp-json\/wp\/v2\/comments?post=3485"}],"version-history":[{"count":7,"href":"https:\/\/csi-repair.com\/nl\/wp-json\/wp\/v2\/pages\/3485\/revisions"}],"predecessor-version":[{"id":3495,"href":"https:\/\/csi-repair.com\/nl\/wp-json\/wp\/v2\/pages\/3485\/revisions\/3495"}],"up":[{"embeddable":true,"href":"https:\/\/csi-repair.com\/nl\/wp-json\/wp\/v2\/pages\/389"}],"wp:attachment":[{"href":"https:\/\/csi-repair.com\/nl\/wp-json\/wp\/v2\/media?parent=3485"}],"curies":[{"name":"wp","href":"https:\/\/api.w.org\/{rel}","templated":true}]}}