{"id":3655,"date":"2026-03-17T19:34:45","date_gmt":"2026-03-17T18:34:45","guid":{"rendered":"https:\/\/csi-repair.com\/?page_id=3655"},"modified":"2026-03-18T12:06:47","modified_gmt":"2026-03-18T11:06:47","slug":"kl-standorte","status":"publish","type":"page","link":"https:\/\/csi-repair.com\/pt\/kl-standorte\/","title":{"rendered":"K&amp;L Standorte"},"content":{"rendered":"<div data-elementor-type=\"wp-page\" data-elementor-id=\"3655\" class=\"elementor elementor-3655\" data-elementor-post-type=\"page\">\n\t\t\t\t\t\t<section class=\"elementor-section elementor-top-section elementor-element elementor-element-0d6f32d elementor-section-boxed elementor-section-height-default elementor-section-height-default\" data-id=\"0d6f32d\" data-element_type=\"section\" data-settings=\"{&quot;background_background&quot;:&quot;classic&quot;}\">\n\t\t\t\t\t\t\t<div class=\"elementor-background-overlay\"><\/div>\n\t\t\t\t\t\t\t<div class=\"elementor-container elementor-column-gap-default\">\n\t\t\t\t\t<div class=\"elementor-column elementor-col-50 elementor-top-column elementor-element elementor-element-7334d27\" data-id=\"7334d27\" data-element_type=\"column\">\n\t\t\t<div class=\"elementor-widget-wrap elementor-element-populated\">\n\t\t\t\t\t\t<div class=\"elementor-element elementor-element-abb6d07 elementor-widget__width-auto elementor-widget elementor-widget-image\" data-id=\"abb6d07\" data-element_type=\"widget\" data-widget_type=\"image.default\">\n\t\t\t\t<div class=\"elementor-widget-container\">\n\t\t\t<style>\/*! elementor - v3.21.0 - 26-05-2024 *\/\n.elementor-widget-image{text-align:center}.elementor-widget-image a{display:inline-block}.elementor-widget-image a img[src$=\".svg\"]{width:48px}.elementor-widget-image img{vertical-align:middle;display:inline-block}<\/style>\t\t\t\t\t\t\t\t\t\t<img fetchpriority=\"high\" decoding=\"async\" width=\"1000\" height=\"1000\" src=\"https:\/\/csi-repair.com\/wp-content\/uploads\/2023\/06\/csi_bildmarke_white_2.png\" class=\"attachment-full size-full wp-image-1193\" alt=\"\" srcset=\"https:\/\/csi-repair.com\/wp-content\/uploads\/2023\/06\/csi_bildmarke_white_2.png 1000w, https:\/\/csi-repair.com\/wp-content\/uploads\/2023\/06\/csi_bildmarke_white_2-300x300.png 300w, https:\/\/csi-repair.com\/wp-content\/uploads\/2023\/06\/csi_bildmarke_white_2-150x150.png 150w, https:\/\/csi-repair.com\/wp-content\/uploads\/2023\/06\/csi_bildmarke_white_2-768x768.png 768w, https:\/\/csi-repair.com\/wp-content\/uploads\/2023\/06\/csi_bildmarke_white_2-12x12.png 12w\" sizes=\"(max-width: 1000px) 100vw, 1000px\" \/>\t\t\t\t\t\t\t\t\t\t\t\t\t<\/div>\n\t\t\t\t<\/div>\n\t\t\t\t<div class=\"elementor-element elementor-element-92e3bbd elementor-widget__width-auto elementor-widget elementor-widget-heading\" data-id=\"92e3bbd\" data-element_type=\"widget\" data-settings=\"{&quot;_animation&quot;:&quot;none&quot;}\" data-widget_type=\"heading.default\">\n\t\t\t\t<div class=\"elementor-widget-container\">\n\t\t\t<style>\/*! elementor - v3.21.0 - 26-05-2024 *\/\n.elementor-heading-title{padding:0;margin:0;line-height:1}.elementor-widget-heading .elementor-heading-title[class*=elementor-size-]>a{color:inherit;font-size:inherit;line-height:inherit}.elementor-widget-heading .elementor-heading-title.elementor-size-small{font-size:15px}.elementor-widget-heading .elementor-heading-title.elementor-size-medium{font-size:19px}.elementor-widget-heading .elementor-heading-title.elementor-size-large{font-size:29px}.elementor-widget-heading .elementor-heading-title.elementor-size-xl{font-size:39px}.elementor-widget-heading .elementor-heading-title.elementor-size-xxl{font-size:59px}<\/style><h6 class=\"elementor-heading-title elementor-size-default\">Sobre n\u00f3s<\/h6>\t\t<\/div>\n\t\t\t\t<\/div>\n\t\t\t\t<div class=\"elementor-element elementor-element-028977c elementor-widget elementor-widget-heading\" data-id=\"028977c\" data-element_type=\"widget\" data-settings=\"{&quot;_animation&quot;:&quot;none&quot;}\" data-widget_type=\"heading.default\">\n\t\t\t\t<div class=\"elementor-widget-container\">\n\t\t\t<h1 class=\"elementor-heading-title elementor-size-default\">K&L Standorte<\/h1>\t\t<\/div>\n\t\t\t\t<\/div>\n\t\t\t\t\t<\/div>\n\t\t<\/div>\n\t\t\t\t<div class=\"elementor-column elementor-col-50 elementor-top-column elementor-element elementor-element-cbca6ab elementor-hidden-tablet elementor-hidden-mobile\" data-id=\"cbca6ab\" data-element_type=\"column\">\n\t\t\t<div class=\"elementor-widget-wrap\">\n\t\t\t\t\t\t\t<\/div>\n\t\t<\/div>\n\t\t\t\t\t<\/div>\n\t\t<\/section>\n\t\t\t\t<section class=\"elementor-section elementor-top-section elementor-element elementor-element-19e4f71 elementor-section-boxed elementor-section-height-default elementor-section-height-default\" data-id=\"19e4f71\" data-element_type=\"section\" id=\"mehr\">\n\t\t\t\t\t\t<div class=\"elementor-container elementor-column-gap-default\">\n\t\t\t\t\t<div class=\"elementor-column elementor-col-100 elementor-top-column elementor-element elementor-element-fa6ed6d\" data-id=\"fa6ed6d\" data-element_type=\"column\">\n\t\t\t<div class=\"elementor-widget-wrap elementor-element-populated\">\n\t\t\t\t\t\t<section class=\"elementor-section elementor-inner-section elementor-element elementor-element-ae97969 elementor-section-full_width elementor-section-height-default elementor-section-height-default\" data-id=\"ae97969\" data-element_type=\"section\">\n\t\t\t\t\t\t<div class=\"elementor-container elementor-column-gap-default\">\n\t\t\t\t\t<div class=\"elementor-column elementor-col-100 elementor-inner-column elementor-element elementor-element-0d05c4b elementor-invisible\" data-id=\"0d05c4b\" data-element_type=\"column\" data-settings=\"{&quot;animation&quot;:&quot;fadeInRight&quot;,&quot;animation_mobile&quot;:&quot;none&quot;,&quot;background_background&quot;:&quot;classic&quot;}\">\n\t\t\t<div class=\"elementor-widget-wrap elementor-element-populated\">\n\t\t\t\t\t\t<div class=\"elementor-element elementor-element-142a587 elementor-widget elementor-widget-image\" data-id=\"142a587\" data-element_type=\"widget\" data-widget_type=\"image.default\">\n\t\t\t\t<div class=\"elementor-widget-container\">\n\t\t\t\t\t\t\t\t\t\t\t\t\t<img decoding=\"async\" width=\"1223\" height=\"203\" src=\"https:\/\/csi-repair.com\/wp-content\/uploads\/2026\/03\/kl_nms.png\" class=\"attachment-full size-full wp-image-3669\" alt=\"\" srcset=\"https:\/\/csi-repair.com\/wp-content\/uploads\/2026\/03\/kl_nms.png 1223w, https:\/\/csi-repair.com\/wp-content\/uploads\/2026\/03\/kl_nms-300x50.png 300w, https:\/\/csi-repair.com\/wp-content\/uploads\/2026\/03\/kl_nms-1024x170.png 1024w, https:\/\/csi-repair.com\/wp-content\/uploads\/2026\/03\/kl_nms-768x127.png 768w, https:\/\/csi-repair.com\/wp-content\/uploads\/2026\/03\/kl_nms-18x3.png 18w\" sizes=\"(max-width: 1223px) 100vw, 1223px\" \/>\t\t\t\t\t\t\t\t\t\t\t\t\t<\/div>\n\t\t\t\t<\/div>\n\t\t\t\t<div class=\"elementor-element elementor-element-355918a elementor-widget elementor-widget-heading\" data-id=\"355918a\" data-element_type=\"widget\" data-widget_type=\"heading.default\">\n\t\t\t\t<div class=\"elementor-widget-container\">\n\t\t\t<h2 class=\"elementor-heading-title elementor-size-default\">Karosserie- und Lackzentrum Neum\u00fcnster<\/h2>\t\t<\/div>\n\t\t\t\t<\/div>\n\t\t\t\t<div class=\"elementor-element elementor-element-bcc8a7c elementor-widget elementor-widget-text-editor\" data-id=\"bcc8a7c\" data-element_type=\"widget\" data-widget_type=\"text-editor.default\">\n\t\t\t\t<div class=\"elementor-widget-container\">\n\t\t\t<style>\/*! elementor - v3.21.0 - 26-05-2024 *\/\n.elementor-widget-text-editor.elementor-drop-cap-view-stacked .elementor-drop-cap{background-color:#69727d;color:#fff}.elementor-widget-text-editor.elementor-drop-cap-view-framed .elementor-drop-cap{color:#69727d;border:3px solid;background-color:transparent}.elementor-widget-text-editor:not(.elementor-drop-cap-view-default) .elementor-drop-cap{margin-top:8px}.elementor-widget-text-editor:not(.elementor-drop-cap-view-default) .elementor-drop-cap-letter{width:1em;height:1em}.elementor-widget-text-editor .elementor-drop-cap{float:left;text-align:center;line-height:1;font-size:50px}.elementor-widget-text-editor .elementor-drop-cap-letter{display:inline-block}<\/style>\t\t\t\t<p style=\"font-weight: 400;\"><strong>Car Solutions International GmbH<\/strong><br \/>Karosserie- und Lackzentrum Neum\u00fcnster<\/p><p style=\"font-weight: 400;\">Haart 224<br \/>24539 Neum\u00fcnster<br \/>E-Mail: <a href=\"mailto:lack-nms@getcsi.de\" target=\"_blank\" rel=\"noopener\">lack-nms@getcsi.de<\/a><b>\u00a0<\/b><br \/>Telefon: 04321 963 2690<\/p>\t\t\t\t\t\t<\/div>\n\t\t\t\t<\/div>\n\t\t\t\t\t<\/div>\n\t\t<\/div>\n\t\t\t\t\t<\/div>\n\t\t<\/section>\n\t\t\t\t\t<\/div>\n\t\t<\/div>\n\t\t\t\t\t<\/div>\n\t\t<\/section>\n\t\t\t\t<section class=\"elementor-section elementor-top-section elementor-element elementor-element-bac09e7 elementor-section-boxed elementor-section-height-default elementor-section-height-default\" data-id=\"bac09e7\" data-element_type=\"section\">\n\t\t\t\t\t\t<div class=\"elementor-container elementor-column-gap-default\">\n\t\t\t\t\t<div class=\"elementor-column elementor-col-100 elementor-top-column elementor-element elementor-element-3f9713c\" data-id=\"3f9713c\" data-element_type=\"column\">\n\t\t\t<div class=\"elementor-widget-wrap elementor-element-populated\">\n\t\t\t\t\t\t<section class=\"elementor-section elementor-inner-section elementor-element elementor-element-56fa8e5 elementor-section-full_width elementor-section-height-default elementor-section-height-default\" data-id=\"56fa8e5\" data-element_type=\"section\">\n\t\t\t\t\t\t<div class=\"elementor-container elementor-column-gap-default\">\n\t\t\t\t\t<div class=\"elementor-column elementor-col-100 elementor-inner-column elementor-element elementor-element-067cf41 elementor-invisible\" data-id=\"067cf41\" data-element_type=\"column\" data-settings=\"{&quot;animation&quot;:&quot;fadeInRight&quot;,&quot;animation_mobile&quot;:&quot;none&quot;,&quot;background_background&quot;:&quot;classic&quot;}\">\n\t\t\t<div class=\"elementor-widget-wrap elementor-element-populated\">\n\t\t\t\t\t\t<div class=\"elementor-element elementor-element-33efb4c elementor-widget elementor-widget-image\" data-id=\"33efb4c\" data-element_type=\"widget\" data-widget_type=\"image.default\">\n\t\t\t\t<div class=\"elementor-widget-container\">\n\t\t\t\t\t\t\t\t\t\t\t\t\t<img decoding=\"async\" width=\"962\" height=\"236\" src=\"https:\/\/csi-repair.com\/wp-content\/uploads\/2026\/03\/meybo.png\" class=\"attachment-full size-full wp-image-3670\" alt=\"\" srcset=\"https:\/\/csi-repair.com\/wp-content\/uploads\/2026\/03\/meybo.png 962w, https:\/\/csi-repair.com\/wp-content\/uploads\/2026\/03\/meybo-300x74.png 300w, https:\/\/csi-repair.com\/wp-content\/uploads\/2026\/03\/meybo-768x188.png 768w, https:\/\/csi-repair.com\/wp-content\/uploads\/2026\/03\/meybo-18x4.png 18w\" sizes=\"(max-width: 962px) 100vw, 962px\" \/>\t\t\t\t\t\t\t\t\t\t\t\t\t<\/div>\n\t\t\t\t<\/div>\n\t\t\t\t<div class=\"elementor-element elementor-element-d71c0a1 elementor-widget elementor-widget-heading\" data-id=\"d71c0a1\" data-element_type=\"widget\" data-widget_type=\"heading.default\">\n\t\t\t\t<div class=\"elementor-widget-container\">\n\t\t\t<h2 class=\"elementor-heading-title elementor-size-default\">Meybo Karosseriebau GmbH<\/h2>\t\t<\/div>\n\t\t\t\t<\/div>\n\t\t\t\t<div class=\"elementor-element elementor-element-3fa9668 elementor-widget elementor-widget-text-editor\" data-id=\"3fa9668\" data-element_type=\"widget\" data-widget_type=\"text-editor.default\">\n\t\t\t\t<div class=\"elementor-widget-container\">\n\t\t\t\t\t\t\t<p style=\"font-weight: 400;\"><strong>Meybo Karosseriebau GmbH<\/strong><\/p><p style=\"font-weight: 400;\">Dieselstra\u00dfe 9<br \/>63526 Erlensee<br \/>E-Mail:<strong> <a href=\"mailto:info@meybo.de\" target=\"_blank\" rel=\"noopener\">info@meybo.de<\/a><\/strong><br \/>Telefon: 06183 929930<\/p>\t\t\t\t\t\t<\/div>\n\t\t\t\t<\/div>\n\t\t\t\t\t<\/div>\n\t\t<\/div>\n\t\t\t\t\t<\/div>\n\t\t<\/section>\n\t\t\t\t\t<\/div>\n\t\t<\/div>\n\t\t\t\t\t<\/div>\n\t\t<\/section>\n\t\t\t\t<section class=\"elementor-section elementor-top-section elementor-element elementor-element-4d56160 elementor-section-boxed elementor-section-height-default elementor-section-height-default\" data-id=\"4d56160\" data-element_type=\"section\">\n\t\t\t\t\t\t<div class=\"elementor-container elementor-column-gap-default\">\n\t\t\t\t\t<div class=\"elementor-column elementor-col-100 elementor-top-column elementor-element elementor-element-6972c6f\" data-id=\"6972c6f\" data-element_type=\"column\">\n\t\t\t<div class=\"elementor-widget-wrap elementor-element-populated\">\n\t\t\t\t\t\t<section class=\"elementor-section elementor-inner-section elementor-element elementor-element-b7cce54 elementor-section-full_width elementor-section-height-default elementor-section-height-default\" data-id=\"b7cce54\" data-element_type=\"section\">\n\t\t\t\t\t\t<div class=\"elementor-container elementor-column-gap-default\">\n\t\t\t\t\t<div class=\"elementor-column elementor-col-100 elementor-inner-column elementor-element elementor-element-de1943f elementor-invisible\" data-id=\"de1943f\" data-element_type=\"column\" data-settings=\"{&quot;animation&quot;:&quot;fadeInRight&quot;,&quot;animation_mobile&quot;:&quot;none&quot;,&quot;background_background&quot;:&quot;classic&quot;}\">\n\t\t\t<div class=\"elementor-widget-wrap elementor-element-populated\">\n\t\t\t\t\t\t<div class=\"elementor-element elementor-element-15762b6 elementor-widget elementor-widget-image\" data-id=\"15762b6\" data-element_type=\"widget\" data-widget_type=\"image.default\">\n\t\t\t\t<div class=\"elementor-widget-container\">\n\t\t\t\t\t\t\t\t\t\t\t\t\t<img loading=\"lazy\" decoding=\"async\" width=\"1200\" height=\"199\" src=\"https:\/\/csi-repair.com\/wp-content\/uploads\/2026\/03\/kl_landshut.png\" class=\"attachment-full size-full wp-image-3671\" alt=\"\" srcset=\"https:\/\/csi-repair.com\/wp-content\/uploads\/2026\/03\/kl_landshut.png 1200w, https:\/\/csi-repair.com\/wp-content\/uploads\/2026\/03\/kl_landshut-300x50.png 300w, https:\/\/csi-repair.com\/wp-content\/uploads\/2026\/03\/kl_landshut-1024x170.png 1024w, https:\/\/csi-repair.com\/wp-content\/uploads\/2026\/03\/kl_landshut-768x127.png 768w, https:\/\/csi-repair.com\/wp-content\/uploads\/2026\/03\/kl_landshut-18x3.png 18w\" sizes=\"(max-width: 1200px) 100vw, 1200px\" \/>\t\t\t\t\t\t\t\t\t\t\t\t\t<\/div>\n\t\t\t\t<\/div>\n\t\t\t\t<div class=\"elementor-element elementor-element-e41eecd elementor-widget elementor-widget-heading\" data-id=\"e41eecd\" data-element_type=\"widget\" data-widget_type=\"heading.default\">\n\t\t\t\t<div class=\"elementor-widget-container\">\n\t\t\t<h2 class=\"elementor-heading-title elementor-size-default\"> Karosserie- und Lackzentrum Landshut<\/h2>\t\t<\/div>\n\t\t\t\t<\/div>\n\t\t\t\t<div class=\"elementor-element elementor-element-1eb340d elementor-widget elementor-widget-text-editor\" data-id=\"1eb340d\" data-element_type=\"widget\" data-widget_type=\"text-editor.default\">\n\t\t\t\t<div class=\"elementor-widget-container\">\n\t\t\t\t\t\t\t<p style=\"font-weight: 400;\"><strong>Car Solutions International GmbH<\/strong><br \/>Karosserie- und Lackzentrum Landshut<\/p><p style=\"font-weight: 400;\">Bichlmannstra\u00dfe 1a<br \/>84174 Eching<br \/>E-Mail: <a href=\"mailto:lack-la@getcsi.de\" target=\"_blank\" rel=\"noopener\"><span lang=\"IT\">lack-la@getcsi.de<\/span><\/a><span lang=\"IT\">\u00a0<\/span><br \/>Telefone: <span lang=\"IT\">08709 5079880<\/span><\/p>\t\t\t\t\t\t<\/div>\n\t\t\t\t<\/div>\n\t\t\t\t\t<\/div>\n\t\t<\/div>\n\t\t\t\t\t<\/div>\n\t\t<\/section>\n\t\t\t\t\t<\/div>\n\t\t<\/div>\n\t\t\t\t\t<\/div>\n\t\t<\/section>\n\t\t\t\t<\/div>","protected":false},"excerpt":{"rendered":"<p>\u00dcber uns K&#038;L Standorte Karosserie- und Lackzentrum Neum\u00fcnster Car Solutions International GmbHKarosserie- und Lackzentrum Neum\u00fcnster Haart 22424539 Neum\u00fcnsterE-Mail: lack-nms@getcsi.de\u00a0Telefon: 04321 963 2690 Meybo Karosseriebau GmbH Meybo Karosseriebau GmbH Dieselstra\u00dfe 963526 ErlenseeE-Mail: info@meybo.deTelefon: 06183 929930 Karosserie- und Lackzentrum Landshut Car Solutions International GmbHKarosserie- und Lackzentrum Landshut Bichlmannstra\u00dfe 1a84174 EchingE-Mail: lack-la@getcsi.de\u00a0Telefon: 08709 5079880<\/p>","protected":false},"author":1,"featured_media":0,"parent":0,"menu_order":0,"comment_status":"closed","ping_status":"closed","template":"","meta":{"footnotes":""},"_links":{"self":[{"href":"https:\/\/csi-repair.com\/pt\/wp-json\/wp\/v2\/pages\/3655"}],"collection":[{"href":"https:\/\/csi-repair.com\/pt\/wp-json\/wp\/v2\/pages"}],"about":[{"href":"https:\/\/csi-repair.com\/pt\/wp-json\/wp\/v2\/types\/page"}],"author":[{"embeddable":true,"href":"https:\/\/csi-repair.com\/pt\/wp-json\/wp\/v2\/users\/1"}],"replies":[{"embeddable":true,"href":"https:\/\/csi-repair.com\/pt\/wp-json\/wp\/v2\/comments?post=3655"}],"version-history":[{"count":25,"href":"https:\/\/csi-repair.com\/pt\/wp-json\/wp\/v2\/pages\/3655\/revisions"}],"predecessor-version":[{"id":3685,"href":"https:\/\/csi-repair.com\/pt\/wp-json\/wp\/v2\/pages\/3655\/revisions\/3685"}],"wp:attachment":[{"href":"https:\/\/csi-repair.com\/pt\/wp-json\/wp\/v2\/media?parent=3655"}],"curies":[{"name":"wp","href":"https:\/\/api.w.org\/{rel}","templated":true}]}}