{"id":649,"date":"2023-03-22T15:03:26","date_gmt":"2023-03-22T14:03:26","guid":{"rendered":"https:\/\/csi-repair.com\/?page_id=649"},"modified":"2023-06-24T14:11:12","modified_gmt":"2023-06-24T12:11:12","slug":"kl-betriebe","status":"publish","type":"page","link":"https:\/\/csi-repair.com\/sv\/loesungen\/kl-betriebe\/","title":{"rendered":"K+L f\u00f6retag \/ bilhandlare"},"content":{"rendered":"<div data-elementor-type=\"wp-page\" data-elementor-id=\"649\" class=\"elementor elementor-649\" data-elementor-post-type=\"page\">\n\t\t\t\t\t\t<section class=\"elementor-section elementor-top-section elementor-element elementor-element-a0f85a5 elementor-section-height-min-height elementor-section-boxed elementor-section-height-default elementor-section-items-middle\" data-id=\"a0f85a5\" data-element_type=\"section\" data-settings=\"{&quot;background_background&quot;:&quot;classic&quot;}\">\n\t\t\t\t\t\t\t<div class=\"elementor-background-overlay\"><\/div>\n\t\t\t\t\t\t\t<div class=\"elementor-container elementor-column-gap-default\">\n\t\t\t\t\t<div class=\"elementor-column elementor-col-50 elementor-top-column elementor-element elementor-element-02b40f1\" data-id=\"02b40f1\" data-element_type=\"column\">\n\t\t\t<div class=\"elementor-widget-wrap elementor-element-populated\">\n\t\t\t\t\t\t<div class=\"elementor-element elementor-element-f83066b elementor-widget elementor-widget-heading\" data-id=\"f83066b\" data-element_type=\"widget\" data-widget_type=\"heading.default\">\n\t\t\t\t<div class=\"elementor-widget-container\">\n\t\t\t<style>\/*! elementor - v3.21.0 - 26-05-2024 *\/\n.elementor-heading-title{padding:0;margin:0;line-height:1}.elementor-widget-heading .elementor-heading-title[class*=elementor-size-]>a{color:inherit;font-size:inherit;line-height:inherit}.elementor-widget-heading .elementor-heading-title.elementor-size-small{font-size:15px}.elementor-widget-heading .elementor-heading-title.elementor-size-medium{font-size:19px}.elementor-widget-heading .elementor-heading-title.elementor-size-large{font-size:29px}.elementor-widget-heading .elementor-heading-title.elementor-size-xl{font-size:39px}.elementor-widget-heading .elementor-heading-title.elementor-size-xxl{font-size:59px}<\/style><h1 class=\"elementor-heading-title elementor-size-default\">K+L f\u00f6retag \/ bilhandlare.<\/br>\nDin p\u00e5litliga partner<\/h1>\t\t<\/div>\n\t\t\t\t<\/div>\n\t\t\t\t<div class=\"elementor-element elementor-element-9f4becc elementor-widget elementor-widget-text-editor\" data-id=\"9f4becc\" data-element_type=\"widget\" data-widget_type=\"text-editor.default\">\n\t\t\t\t<div class=\"elementor-widget-container\">\n\t\t\t<style>\/*! elementor - v3.21.0 - 26-05-2024 *\/\n.elementor-widget-text-editor.elementor-drop-cap-view-stacked .elementor-drop-cap{background-color:#69727d;color:#fff}.elementor-widget-text-editor.elementor-drop-cap-view-framed .elementor-drop-cap{color:#69727d;border:3px solid;background-color:transparent}.elementor-widget-text-editor:not(.elementor-drop-cap-view-default) .elementor-drop-cap{margin-top:8px}.elementor-widget-text-editor:not(.elementor-drop-cap-view-default) .elementor-drop-cap-letter{width:1em;height:1em}.elementor-widget-text-editor .elementor-drop-cap{float:left;text-align:center;line-height:1;font-size:50px}.elementor-widget-text-editor .elementor-drop-cap-letter{display:inline-block}<\/style>\t\t\t\t<p>Vi f\u00f6rvandlar b\u00f6rdan av massskador orsakade av hagel till ekonomisk framg\u00e5ng. Vi skyddar v\u00e5ra kunders egna resurser.<\/p>\t\t\t\t\t\t<\/div>\n\t\t\t\t<\/div>\n\t\t\t\t<div class=\"elementor-element elementor-element-966b27e elementor-widget elementor-widget-button\" data-id=\"966b27e\" data-element_type=\"widget\" data-widget_type=\"button.default\">\n\t\t\t\t<div class=\"elementor-widget-container\">\n\t\t\t\t\t<div class=\"elementor-button-wrapper\">\n\t\t\t<a class=\"elementor-button elementor-button-link elementor-size-md\" href=\"#mehr\">\n\t\t\t\t\t\t<span class=\"elementor-button-content-wrapper\">\n\t\t\t\t\t\t\t\t\t<span class=\"elementor-button-text\">L\u00e4s mer<\/span>\n\t\t\t\t\t<\/span>\n\t\t\t\t\t<\/a>\n\t\t<\/div>\n\t\t\t\t<\/div>\n\t\t\t\t<\/div>\n\t\t\t\t\t<\/div>\n\t\t<\/div>\n\t\t\t\t<div class=\"elementor-column elementor-col-50 elementor-top-column elementor-element elementor-element-3ec5ea6 elementor-hidden-tablet elementor-hidden-mobile\" data-id=\"3ec5ea6\" data-element_type=\"column\">\n\t\t\t<div class=\"elementor-widget-wrap\">\n\t\t\t\t\t\t\t<\/div>\n\t\t<\/div>\n\t\t\t\t\t<\/div>\n\t\t<\/section>\n\t\t\t\t<section class=\"elementor-section elementor-top-section elementor-element elementor-element-1c11590 elementor-section-boxed elementor-section-height-default elementor-section-height-default\" data-id=\"1c11590\" data-element_type=\"section\">\n\t\t\t\t\t\t<div class=\"elementor-container elementor-column-gap-default\">\n\t\t\t\t\t<div class=\"elementor-column elementor-col-33 elementor-top-column elementor-element elementor-element-6e0b77e\" data-id=\"6e0b77e\" data-element_type=\"column\" data-settings=\"{&quot;background_background&quot;:&quot;classic&quot;}\">\n\t\t\t<div class=\"elementor-widget-wrap elementor-element-populated\">\n\t\t\t\t\t\t<div class=\"elementor-element elementor-element-f9b6651 elementor-position-top elementor-widget elementor-widget-image-box\" data-id=\"f9b6651\" data-element_type=\"widget\" data-widget_type=\"image-box.default\">\n\t\t\t\t<div class=\"elementor-widget-container\">\n\t\t\t<style>.elementor-widget-image-box .elementor-image-box-content{width:100%}@media (min-width:768px){.elementor-widget-image-box.elementor-position-left .elementor-image-box-wrapper,.elementor-widget-image-box.elementor-position-right .elementor-image-box-wrapper{display:flex}.elementor-widget-image-box.elementor-position-right .elementor-image-box-wrapper{text-align:end;flex-direction:row-reverse}.elementor-widget-image-box.elementor-position-left .elementor-image-box-wrapper{text-align:start;flex-direction:row}.elementor-widget-image-box.elementor-position-top .elementor-image-box-img{margin:auto}.elementor-widget-image-box.elementor-vertical-align-top .elementor-image-box-wrapper{align-items:flex-start}.elementor-widget-image-box.elementor-vertical-align-middle .elementor-image-box-wrapper{align-items:center}.elementor-widget-image-box.elementor-vertical-align-bottom .elementor-image-box-wrapper{align-items:flex-end}}@media (max-width:767px){.elementor-widget-image-box .elementor-image-box-img{margin-left:auto!important;margin-right:auto!important;margin-bottom:15px}}.elementor-widget-image-box .elementor-image-box-img{display:inline-block}.elementor-widget-image-box .elementor-image-box-title a{color:inherit}.elementor-widget-image-box .elementor-image-box-wrapper{text-align:center}.elementor-widget-image-box .elementor-image-box-description{margin:0}<\/style><div class=\"elementor-image-box-wrapper\"><figure class=\"elementor-image-box-img\"><img fetchpriority=\"high\" decoding=\"async\" width=\"2000\" height=\"1333\" src=\"https:\/\/csi-repair.com\/wp-content\/uploads\/2023\/06\/leistungen-4.jpg\" class=\"attachment-full size-full wp-image-1264\" alt=\"\" srcset=\"https:\/\/csi-repair.com\/wp-content\/uploads\/2023\/06\/leistungen-4.jpg 2000w, https:\/\/csi-repair.com\/wp-content\/uploads\/2023\/06\/leistungen-4-300x200.jpg 300w, https:\/\/csi-repair.com\/wp-content\/uploads\/2023\/06\/leistungen-4-1024x682.jpg 1024w, https:\/\/csi-repair.com\/wp-content\/uploads\/2023\/06\/leistungen-4-768x512.jpg 768w, https:\/\/csi-repair.com\/wp-content\/uploads\/2023\/06\/leistungen-4-1536x1024.jpg 1536w, https:\/\/csi-repair.com\/wp-content\/uploads\/2023\/06\/leistungen-4-18x12.jpg 18w\" sizes=\"(max-width: 2000px) 100vw, 2000px\" \/><\/figure><div class=\"elementor-image-box-content\"><h5 class=\"elementor-image-box-title\">SV st\u00f6d<\/h5><\/div><\/div>\t\t<\/div>\n\t\t\t\t<\/div>\n\t\t\t\t<div class=\"elementor-element elementor-element-40b8c28 elementor-icon-list--layout-traditional elementor-list-item-link-full_width elementor-widget elementor-widget-icon-list\" data-id=\"40b8c28\" data-element_type=\"widget\" data-widget_type=\"icon-list.default\">\n\t\t\t\t<div class=\"elementor-widget-container\">\n\t\t\t<link rel=\"stylesheet\" href=\"https:\/\/csi-repair.com\/wp-content\/uploads\/elementor\/css\/custom-widget-icon-list.min.css?ver=1760941035\">\t\t<ul class=\"elementor-icon-list-items\">\n\t\t\t\t\t\t\t<li class=\"elementor-icon-list-item\">\n\t\t\t\t\t\t\t\t\t\t\t<span class=\"elementor-icon-list-icon\">\n\t\t\t\t\t\t\t<i aria-hidden=\"true\" class=\"fas fa-check-circle\"><\/i>\t\t\t\t\t\t<\/span>\n\t\t\t\t\t\t\t\t\t\t<span class=\"elementor-icon-list-text\">Omedelbar ankomst till hagelregionen<\/span>\n\t\t\t\t\t\t\t\t\t<\/li>\n\t\t\t\t\t\t\t\t<li class=\"elementor-icon-list-item\">\n\t\t\t\t\t\t\t\t\t\t\t<span class=\"elementor-icon-list-icon\">\n\t\t\t\t\t\t\t<i aria-hidden=\"true\" class=\"fas fa-check-circle\"><\/i>\t\t\t\t\t\t<\/span>\n\t\t\t\t\t\t\t\t\t\t<span class=\"elementor-icon-list-text\">Ledsagning och st\u00f6d av de sakkunniga vid skadebed\u00f6mningen<\/span>\n\t\t\t\t\t\t\t\t\t<\/li>\n\t\t\t\t\t\t\t\t<li class=\"elementor-icon-list-item\">\n\t\t\t\t\t\t\t\t\t\t\t<span class=\"elementor-icon-list-icon\">\n\t\t\t\t\t\t\t<i aria-hidden=\"true\" class=\"fas fa-check-circle\"><\/i>\t\t\t\t\t\t<\/span>\n\t\t\t\t\t\t\t\t\t\t<span class=\"elementor-icon-list-text\">Bindande priss\u00e4ttning<\/span>\n\t\t\t\t\t\t\t\t\t<\/li>\n\t\t\t\t\t\t<\/ul>\n\t\t\t\t<\/div>\n\t\t\t\t<\/div>\n\t\t\t\t\t<\/div>\n\t\t<\/div>\n\t\t\t\t<div class=\"elementor-column elementor-col-33 elementor-top-column elementor-element elementor-element-beadc05\" data-id=\"beadc05\" data-element_type=\"column\" data-settings=\"{&quot;background_background&quot;:&quot;classic&quot;}\">\n\t\t\t<div class=\"elementor-widget-wrap elementor-element-populated\">\n\t\t\t\t\t\t<div class=\"elementor-element elementor-element-0129ec8 elementor-position-top elementor-widget elementor-widget-image-box\" data-id=\"0129ec8\" data-element_type=\"widget\" data-widget_type=\"image-box.default\">\n\t\t\t\t<div class=\"elementor-widget-container\">\n\t\t\t<div class=\"elementor-image-box-wrapper\"><figure class=\"elementor-image-box-img\"><img decoding=\"async\" width=\"2000\" height=\"1333\" src=\"https:\/\/csi-repair.com\/wp-content\/uploads\/2023\/04\/neuigkeiten_csi.jpg\" class=\"attachment-full size-full wp-image-1154\" alt=\"\" srcset=\"https:\/\/csi-repair.com\/wp-content\/uploads\/2023\/04\/neuigkeiten_csi.jpg 2000w, https:\/\/csi-repair.com\/wp-content\/uploads\/2023\/04\/neuigkeiten_csi-300x200.jpg 300w, https:\/\/csi-repair.com\/wp-content\/uploads\/2023\/04\/neuigkeiten_csi-1024x682.jpg 1024w, https:\/\/csi-repair.com\/wp-content\/uploads\/2023\/04\/neuigkeiten_csi-768x512.jpg 768w, https:\/\/csi-repair.com\/wp-content\/uploads\/2023\/04\/neuigkeiten_csi-1536x1024.jpg 1536w, https:\/\/csi-repair.com\/wp-content\/uploads\/2023\/04\/neuigkeiten_csi-18x12.jpg 18w\" sizes=\"(max-width: 2000px) 100vw, 2000px\" \/><\/figure><div class=\"elementor-image-box-content\"><h5 class=\"elementor-image-box-title\">Uppfyllelsest\u00f6d<\/h5><\/div><\/div>\t\t<\/div>\n\t\t\t\t<\/div>\n\t\t\t\t<div class=\"elementor-element elementor-element-0b56656 elementor-icon-list--layout-traditional elementor-list-item-link-full_width elementor-widget elementor-widget-icon-list\" data-id=\"0b56656\" data-element_type=\"widget\" data-widget_type=\"icon-list.default\">\n\t\t\t\t<div class=\"elementor-widget-container\">\n\t\t\t\t\t<ul class=\"elementor-icon-list-items\">\n\t\t\t\t\t\t\t<li class=\"elementor-icon-list-item\">\n\t\t\t\t\t\t\t\t\t\t\t<span class=\"elementor-icon-list-icon\">\n\t\t\t\t\t\t\t<i aria-hidden=\"true\" class=\"fas fa-check-circle\"><\/i>\t\t\t\t\t\t<\/span>\n\t\t\t\t\t\t\t\t\t\t<span class=\"elementor-icon-list-text\">Allsidig service f\u00f6r att st\u00f6dja lokala f\u00f6retag<\/span>\n\t\t\t\t\t\t\t\t\t<\/li>\n\t\t\t\t\t\t\t\t<li class=\"elementor-icon-list-item\">\n\t\t\t\t\t\t\t\t\t\t\t<span class=\"elementor-icon-list-icon\">\n\t\t\t\t\t\t\t<i aria-hidden=\"true\" class=\"fas fa-check-circle\"><\/i>\t\t\t\t\t\t<\/span>\n\t\t\t\t\t\t\t\t\t\t<span class=\"elementor-icon-list-text\">Tillhandah\u00e5llande av hagelchefer f\u00f6r att behandla skadan<\/span>\n\t\t\t\t\t\t\t\t\t<\/li>\n\t\t\t\t\t\t\t\t<li class=\"elementor-icon-list-item\">\n\t\t\t\t\t\t\t\t\t\t\t<span class=\"elementor-icon-list-icon\">\n\t\t\t\t\t\t\t<i aria-hidden=\"true\" class=\"fas fa-check-circle\"><\/i>\t\t\t\t\t\t<\/span>\n\t\t\t\t\t\t\t\t\t\t<span class=\"elementor-icon-list-text\">Schemal\u00e4ggning av bes\u00f6k och reparationer<\/span>\n\t\t\t\t\t\t\t\t\t<\/li>\n\t\t\t\t\t\t\t\t<li class=\"elementor-icon-list-item\">\n\t\t\t\t\t\t\t\t\t\t\t<span class=\"elementor-icon-list-icon\">\n\t\t\t\t\t\t\t<i aria-hidden=\"true\" class=\"fas fa-check-circle\"><\/i>\t\t\t\t\t\t<\/span>\n\t\t\t\t\t\t\t\t\t\t<span class=\"elementor-icon-list-text\">Tillhandah\u00e5llande av ers\u00e4ttningsr\u00f6rlighet<\/span>\n\t\t\t\t\t\t\t\t\t<\/li>\n\t\t\t\t\t\t<\/ul>\n\t\t\t\t<\/div>\n\t\t\t\t<\/div>\n\t\t\t\t\t<\/div>\n\t\t<\/div>\n\t\t\t\t<div class=\"elementor-column elementor-col-33 elementor-top-column elementor-element elementor-element-e925faa\" data-id=\"e925faa\" data-element_type=\"column\" data-settings=\"{&quot;background_background&quot;:&quot;classic&quot;}\">\n\t\t\t<div class=\"elementor-widget-wrap elementor-element-populated\">\n\t\t\t\t\t\t<div class=\"elementor-element elementor-element-0a8179c elementor-position-top elementor-widget elementor-widget-image-box\" data-id=\"0a8179c\" data-element_type=\"widget\" data-widget_type=\"image-box.default\">\n\t\t\t\t<div class=\"elementor-widget-container\">\n\t\t\t<div class=\"elementor-image-box-wrapper\"><figure class=\"elementor-image-box-img\"><img decoding=\"async\" width=\"2000\" height=\"1333\" src=\"https:\/\/csi-repair.com\/wp-content\/uploads\/2023\/06\/leistungen-3.jpg\" class=\"attachment-full size-full wp-image-1263\" alt=\"\" srcset=\"https:\/\/csi-repair.com\/wp-content\/uploads\/2023\/06\/leistungen-3.jpg 2000w, https:\/\/csi-repair.com\/wp-content\/uploads\/2023\/06\/leistungen-3-300x200.jpg 300w, https:\/\/csi-repair.com\/wp-content\/uploads\/2023\/06\/leistungen-3-1024x682.jpg 1024w, https:\/\/csi-repair.com\/wp-content\/uploads\/2023\/06\/leistungen-3-768x512.jpg 768w, https:\/\/csi-repair.com\/wp-content\/uploads\/2023\/06\/leistungen-3-1536x1024.jpg 1536w, https:\/\/csi-repair.com\/wp-content\/uploads\/2023\/06\/leistungen-3-18x12.jpg 18w\" sizes=\"(max-width: 2000px) 100vw, 2000px\" \/><\/figure><div class=\"elementor-image-box-content\"><h5 class=\"elementor-image-box-title\">Reparera<\/h5><\/div><\/div>\t\t<\/div>\n\t\t\t\t<\/div>\n\t\t\t\t<div class=\"elementor-element elementor-element-5823a36 elementor-icon-list--layout-traditional elementor-list-item-link-full_width elementor-widget elementor-widget-icon-list\" data-id=\"5823a36\" data-element_type=\"widget\" data-widget_type=\"icon-list.default\">\n\t\t\t\t<div class=\"elementor-widget-container\">\n\t\t\t\t\t<ul class=\"elementor-icon-list-items\">\n\t\t\t\t\t\t\t<li class=\"elementor-icon-list-item\">\n\t\t\t\t\t\t\t\t\t\t\t<span class=\"elementor-icon-list-icon\">\n\t\t\t\t\t\t\t<i aria-hidden=\"true\" class=\"fas fa-check-circle\"><\/i>\t\t\t\t\t\t<\/span>\n\t\t\t\t\t\t\t\t\t\t<span class=\"elementor-icon-list-text\">Demontering och \u00e5termontering inklusive anskaffning av reservdelar<\/span>\n\t\t\t\t\t\t\t\t\t<\/li>\n\t\t\t\t\t\t\t\t<li class=\"elementor-icon-list-item\">\n\t\t\t\t\t\t\t\t\t\t\t<span class=\"elementor-icon-list-icon\">\n\t\t\t\t\t\t\t<i aria-hidden=\"true\" class=\"fas fa-check-circle\"><\/i>\t\t\t\t\t\t<\/span>\n\t\t\t\t\t\t\t\t\t\t<span class=\"elementor-icon-list-text\">Borttagning av bucklor utan m\u00e5lning<\/span>\n\t\t\t\t\t\t\t\t\t<\/li>\n\t\t\t\t\t\t\t\t<li class=\"elementor-icon-list-item\">\n\t\t\t\t\t\t\t\t\t\t\t<span class=\"elementor-icon-list-icon\">\n\t\t\t\t\t\t\t<i aria-hidden=\"true\" class=\"fas fa-check-circle\"><\/i>\t\t\t\t\t\t<\/span>\n\t\t\t\t\t\t\t\t\t\t<span class=\"elementor-icon-list-text\">M\u00e5lningsarbete<\/span>\n\t\t\t\t\t\t\t\t\t<\/li>\n\t\t\t\t\t\t\t\t<li class=\"elementor-icon-list-item\">\n\t\t\t\t\t\t\t\t\t\t\t<span class=\"elementor-icon-list-icon\">\n\t\t\t\t\t\t\t<i aria-hidden=\"true\" class=\"fas fa-check-circle\"><\/i>\t\t\t\t\t\t<\/span>\n\t\t\t\t\t\t\t\t\t\t<span class=\"elementor-icon-list-text\">Smart och punktreparation<\/span>\n\t\t\t\t\t\t\t\t\t<\/li>\n\t\t\t\t\t\t\t\t<li class=\"elementor-icon-list-item\">\n\t\t\t\t\t\t\t\t\t\t\t<span class=\"elementor-icon-list-icon\">\n\t\t\t\t\t\t\t<i aria-hidden=\"true\" class=\"fas fa-check-circle\"><\/i>\t\t\t\t\t\t<\/span>\n\t\t\t\t\t\t\t\t\t\t<span class=\"elementor-icon-list-text\">Anv\u00e4ndning av mobila m\u00e5larb\u00e5s<\/span>\n\t\t\t\t\t\t\t\t\t<\/li>\n\t\t\t\t\t\t<\/ul>\n\t\t\t\t<\/div>\n\t\t\t\t<\/div>\n\t\t\t\t\t<\/div>\n\t\t<\/div>\n\t\t\t\t\t<\/div>\n\t\t<\/section>\n\t\t\t\t<section class=\"elementor-section elementor-top-section elementor-element elementor-element-19b4dc2 elementor-section-boxed elementor-section-height-default elementor-section-height-default\" data-id=\"19b4dc2\" data-element_type=\"section\" id=\"mehr\">\n\t\t\t\t\t\t<div class=\"elementor-container elementor-column-gap-default\">\n\t\t\t\t\t<div class=\"elementor-column elementor-col-100 elementor-top-column elementor-element elementor-element-723e12d\" data-id=\"723e12d\" data-element_type=\"column\">\n\t\t\t<div class=\"elementor-widget-wrap elementor-element-populated\">\n\t\t\t\t\t\t<section class=\"elementor-section elementor-inner-section elementor-element elementor-element-8354d1d elementor-section-full_width elementor-reverse-mobile elementor-section-height-default elementor-section-height-default\" data-id=\"8354d1d\" data-element_type=\"section\">\n\t\t\t\t\t\t<div class=\"elementor-container elementor-column-gap-default\">\n\t\t\t\t\t<div class=\"elementor-column elementor-col-100 elementor-inner-column elementor-element elementor-element-c845cc7 elementor-invisible\" data-id=\"c845cc7\" data-element_type=\"column\" data-settings=\"{&quot;animation&quot;:&quot;fadeInRight&quot;,&quot;animation_mobile&quot;:&quot;none&quot;}\">\n\t\t\t<div class=\"elementor-widget-wrap elementor-element-populated\">\n\t\t\t\t\t\t<div class=\"elementor-element elementor-element-2675dad elementor-widget elementor-widget-heading\" data-id=\"2675dad\" data-element_type=\"widget\" data-widget_type=\"heading.default\">\n\t\t\t\t<div class=\"elementor-widget-container\">\n\t\t\t<h6 class=\"elementor-heading-title elementor-size-default\">Varf\u00f6r det fungerar:\n\n<\/h6>\t\t<\/div>\n\t\t\t\t<\/div>\n\t\t\t\t<div class=\"elementor-element elementor-element-2e14a18 elementor-widget elementor-widget-heading\" data-id=\"2e14a18\" data-element_type=\"widget\" data-widget_type=\"heading.default\">\n\t\t\t\t<div class=\"elementor-widget-container\">\n\t\t\t<h2 class=\"elementor-heading-title elementor-size-default\">CSI f\u00f6r bilhandlare &amp; K+L-f\u00f6retag<\/h2>\t\t<\/div>\n\t\t\t\t<\/div>\n\t\t\t\t<div class=\"elementor-element elementor-element-ea8991c elementor-widget elementor-widget-text-editor\" data-id=\"ea8991c\" data-element_type=\"widget\" data-widget_type=\"text-editor.default\">\n\t\t\t\t<div class=\"elementor-widget-container\">\n\t\t\t\t\t\t\t<p>Vi f\u00f6rvandlar b\u00f6rdan av massskador orsakade av hagel till ekonomisk framg\u00e5ng. Vi skyddar v\u00e5ra kunders egna resurser.<br \/><br \/>Som ett ISO-certifierat f\u00f6retag har CSI under m\u00e5nga \u00e5r specialiserat sig p\u00e5 att hantera massskador p\u00e5 fordon orsakade av hagel. Varje hagelevenemang \u00e4r individuellt och st\u00e4ller speciella utmaningar f\u00f6r v\u00e5ra kunder runt om i v\u00e4rlden.<br \/>Hagelh\u00e4ndelser intr\u00e4ffar spontant och ov\u00e4ntat. Den extra volymen \u00e4r initialt en belastning, s\u00e4rskilt n\u00e4r f\u00f6retagets egen verksamhet eller partnerverksamhet fungerar till fullo. H\u00e4r st\u00f6ttar vi v\u00e5ra kunder direkt och omedelbart. Med specialiserade team s\u00e4tter vi upp processer f\u00f6r hantering av hagelskador parallellt med den dagliga verksamheten. P\u00e5 beg\u00e4ran planerar vi bes\u00f6k och reparationer, tillhandah\u00e5ller ers\u00e4ttningsfordon och g\u00f6r kostnadsber\u00e4kningar. Delbest\u00e4llning, demontering och \u00e5termontering samt borttagning av bucklor utan m\u00e5lning med h\u00f6gsta kvalitet \u00e4r v\u00e5r dagliga verksamhet.<br \/><br \/>Det fungerar eftersom vi ser genom v\u00e5ra kunders \u00f6gon, v\u00e5ra id\u00e9er uppst\u00e5r fr\u00e5n den dagliga verksamheten och bygger p\u00e5 praxis f\u00f6r att g\u00f6ra processer \u00e4nnu mer effektiva och tillhandah\u00e5lla allt vi g\u00f6r digitalt i realtid och transparent som rapportering.<br \/><br \/>Kundentusiasm \u00e4r v\u00e5rt yttersta m\u00e5l.<br \/><br \/>Med en st\u00e4ndigt v\u00e4xande kundbas kunde vi bearbeta och reparera \u00f6ver 10 000 fordon i Europa under 2018.<\/p>\t\t\t\t\t\t<\/div>\n\t\t\t\t<\/div>\n\t\t\t\t\t<\/div>\n\t\t<\/div>\n\t\t\t\t\t<\/div>\n\t\t<\/section>\n\t\t\t\t\t<\/div>\n\t\t<\/div>\n\t\t\t\t\t<\/div>\n\t\t<\/section>\n\t\t\t\t<\/div>","protected":false},"excerpt":{"rendered":"<p>K+L Betriebe \/ Autoh\u00e4user. Ihr zuverl\u00e4ssiger Partner Die Last von Massensch\u00e4den durch Hagel wird durch uns zum wirtschaftlichen Erfolg. Wir schonen die eigenen Ressourcen unserer Kunden. Mehr erfahren SV-Begleitung Sofortige Anreise in die Hagelregion Begleitung und Unterst\u00fctzung der Sachverst\u00e4ndigen bei der Schadenaufnahme Verbindliche Preisabgabe Abwicklungs-Support Rundum-Service zur Unterst\u00fctzung der lokalen Betriebe Bereitstellung von Hagelmanagern zur [&hellip;]<\/p>","protected":false},"author":1,"featured_media":0,"parent":643,"menu_order":0,"comment_status":"closed","ping_status":"closed","template":"","meta":{"footnotes":""},"_links":{"self":[{"href":"https:\/\/csi-repair.com\/sv\/wp-json\/wp\/v2\/pages\/649"}],"collection":[{"href":"https:\/\/csi-repair.com\/sv\/wp-json\/wp\/v2\/pages"}],"about":[{"href":"https:\/\/csi-repair.com\/sv\/wp-json\/wp\/v2\/types\/page"}],"author":[{"embeddable":true,"href":"https:\/\/csi-repair.com\/sv\/wp-json\/wp\/v2\/users\/1"}],"replies":[{"embeddable":true,"href":"https:\/\/csi-repair.com\/sv\/wp-json\/wp\/v2\/comments?post=649"}],"version-history":[{"count":29,"href":"https:\/\/csi-repair.com\/sv\/wp-json\/wp\/v2\/pages\/649\/revisions"}],"predecessor-version":[{"id":2102,"href":"https:\/\/csi-repair.com\/sv\/wp-json\/wp\/v2\/pages\/649\/revisions\/2102"}],"up":[{"embeddable":true,"href":"https:\/\/csi-repair.com\/sv\/wp-json\/wp\/v2\/pages\/643"}],"wp:attachment":[{"href":"https:\/\/csi-repair.com\/sv\/wp-json\/wp\/v2\/media?parent=649"}],"curies":[{"name":"wp","href":"https:\/\/api.w.org\/{rel}","templated":true}]}}